{"id":95,"date":"2022-05-26T23:23:58","date_gmt":"2022-05-26T20:23:58","guid":{"rendered":"https:\/\/mcasinobet.com\/?page_id=95"},"modified":"2022-05-27T14:13:05","modified_gmt":"2022-05-27T11:13:05","slug":"mr-bet-casino-app","status":"publish","type":"page","link":"https:\/\/mcasinobet.com\/de\/mr-bet-casino-app\/","title":{"rendered":"Mr Bet Casino-App | jetzt downloaden"},"content":{"rendered":"<p>Jeder kennt dieses Gef\u00fchl, wenn man es kaum erwarten kann, nach Hause zu kommen, um ein paar Spiele am Computer zu spielen. Manchmal scheint es jedoch f\u00fcr einige von uns zu schwierig und sogar unerreichbar. Arbeit, Familie, gesellschaftliche Ereignisse \u2013 der moderne Mensch scheint st\u00e4ndig unterwegs zu sein und hat weniger Zeit, sich einfach zu entspannen und die Dinge zu genie\u00dfen, die ihm Freude bereiten. Gl\u00fccklicherweise, <a href=\"https:\/\/mcasinobet.com\/de\/\" data-type=\"page\">Herr Bet Casino <\/a>bietet eine gro\u00dfartige L\u00f6sung des Problems, indem es eine erstaunliche App bereitstellt, die speziell entwickelt wurde, um es den Gl\u00fccksspielbegeisterten zu erleichtern, ihre Aktivit\u00e4ten fortzusetzen.<\/p>\n\n\n<div class=\"wp-block-image\">\n<figure class=\"aligncenter size-large is-resized\"><img decoding=\"async\" loading=\"lazy\" src=\"https:\/\/mcasinobet.com\/wp-content\/uploads\/2022\/05\/Mr-Bet-App-Main-601x1024.png\" alt=\"\" class=\"wp-image-98\" width=\"274\" height=\"467\" srcset=\"https:\/\/mcasinobet.com\/wp-content\/uploads\/2022\/05\/Mr-Bet-App-Main-601x1024.png 601w, https:\/\/mcasinobet.com\/wp-content\/uploads\/2022\/05\/Mr-Bet-App-Main-176x300.png 176w, https:\/\/mcasinobet.com\/wp-content\/uploads\/2022\/05\/Mr-Bet-App-Main-768x1309.png 768w, https:\/\/mcasinobet.com\/wp-content\/uploads\/2022\/05\/Mr-Bet-App-Main-7x12.png 7w, https:\/\/mcasinobet.com\/wp-content\/uploads\/2022\/05\/Mr-Bet-App-Main.png 828w\" sizes=\"(max-width: 274px) 100vw, 274px\" \/><\/figure><\/div>\n\n\n<h2 class=\"wp-block-heading\">Was genau ist die Mr Bet Casino App?<\/h2>\n\n\n\n<p>Mr Bet ist eine riesige Online-Plattform zum Platzieren von Sportwetten und Spielen von Casinospielen. Es hat auf der ganzen Welt an Popularit\u00e4t gewonnen. Die Website-Entwickler mussten sogar mehrere Sprachversionen der Plattform erstellen, um sie umfassender zu machen und zu zeigen, dass sie sich um die Benutzer k\u00fcmmert. Infolgedessen ist die offizielle Website bereits in 19 verschiedenen Sprachen verf\u00fcgbar, und in Zukunft werden es wahrscheinlich noch mehr sein. In Kanada arbeitet die Seite auf Franz\u00f6sisch, obwohl Sie jederzeit zur englischen Version wechseln k\u00f6nnen, wenn sie Ihren W\u00fcnschen besser entspricht.<\/p>\n\n\n<div class=\"wp-block-image\">\n<figure class=\"aligncenter size-full\"><img decoding=\"async\" loading=\"lazy\" width=\"152\" height=\"206\" src=\"https:\/\/mcasinobet.com\/wp-content\/uploads\/2022\/05\/\u0421\u043d\u0438\u043c\u043e\u043a-\u044d\u043a\u0440\u0430\u043d\u0430-2022-05-26-\u0432-18.35.45.png\" alt=\"\" class=\"wp-image-96\" srcset=\"https:\/\/mcasinobet.com\/wp-content\/uploads\/2022\/05\/\u0421\u043d\u0438\u043c\u043e\u043a-\u044d\u043a\u0440\u0430\u043d\u0430-2022-05-26-\u0432-18.35.45.png 152w, https:\/\/mcasinobet.com\/wp-content\/uploads\/2022\/05\/\u0421\u043d\u0438\u043c\u043e\u043a-\u044d\u043a\u0440\u0430\u043d\u0430-2022-05-26-\u0432-18.35.45-9x12.png 9w\" sizes=\"(max-width: 152px) 100vw, 152px\" \/><figcaption>Sprachmen\u00fc<\/figcaption><\/figure><\/div>\n\n\n<p>Die F\u00fclle an Sprachen ist jedoch nicht das Einzige, was die Plattform f\u00fcr Benutzer aus der ganzen Welt zug\u00e4nglicher macht. Die Entwickler haben sich entschieden, eine erstaunliche Casino-Anwendung zu entwickeln, die alle Bed\u00fcrfnisse der Plattform-Kunden erf\u00fcllen w\u00fcrde. Der Plan war, eine App zu entwickeln, die einfach zu navigieren ist, ein attraktives Design hat, viele beliebte Spiele der Mr. Bet-Benutzer bietet und die Funktionalit\u00e4t der vollst\u00e4ndigen Website-Version hat. Wahrscheinlich war bei der Erstellung der Website viel harte Arbeit und Brainstorming erforderlich, denn wie es aussieht, wurde das gew\u00fcnschte Ergebnis erfolgreich erreicht. Die App hat viele tolle Vorteile, \u00fcber die wir gerne mehr sprechen m\u00f6chten.<\/p>\n\n\n\n<h3 class=\"wp-block-heading\">App-Vorteile<\/h3>\n\n\n\n<p>Es gibt viele gro\u00dfartige Funktionen der Mr. Bet Casino App. Wir halten es jedoch f\u00fcr wichtig, mit den wenigen grundlegenden Dingen zu beginnen, damit Sie mehr \u00fcber die Anwendung erfahren k\u00f6nnen, ohne sich mit vielen nutzlosen Informationen auseinandersetzen zu m\u00fcssen.<\/p>\n\n\n\n<ul><li><strong>Hunderte von Spielen und Sportwettk\u00e4mpfen<\/strong><\/li><\/ul>\n\n\n\n<p>Wenn Sie eine App herunterladen, w\u00e4ren Sie wahrscheinlich entt\u00e4uscht, wenn sie sich als v\u00f6llig nutzlos herausstellen w\u00fcrde. Gl\u00fccklicherweise ist dies bei der Mr Bet Casino App nicht der Fall. Hier wird Ihnen eine gro\u00dfe Menge verschiedener Arten von Unterhaltung angeboten \u2013 beliebte Sportturniere, beliebte Spielautomaten und Kartenspiele. Alles ist genauso wie auf der vollst\u00e4ndigen Website-Version, aber ein wenig optimiert, um in Ihr Smart-Ger\u00e4t zu passen.<\/p>\n\n\n\n<ul><li><strong>Kompatibilit\u00e4t<\/strong><\/li><\/ul>\n\n\n\n<p>Die App ist f\u00fcr die meisten Android- und iOS-Ger\u00e4te verf\u00fcgbar. Das bedeutet, dass Sie nicht nur auf Ihrem Mobiltelefon spielen k\u00f6nnen, sondern auch ein iPad oder Android-Tablet verwenden k\u00f6nnen. Falls Ihnen keine der Optionen zufriedenstellend erscheint, machen Sie sich keine Sorgen \u2013 Sie k\u00f6nnen immer eine mobile Version der Website auf jedem Gadget verwenden, unabh\u00e4ngig vom Betriebssystem. Gehen Sie einfach zum praktischen Browser auf Ihrem Ger\u00e4t, besuchen Sie die offizielle Webseite von Mr. Bet Casino und genie\u00dfen Sie das Spiel.<\/p>\n\n\n\n<ul><li><strong>Unterst\u00fctzungssystem<\/strong><\/li><\/ul>\n\n\n\n<p>Der Client-Support ist f\u00fcr jede gute Gl\u00fccksspielplattform notwendig, und die Entwickler der Mr. Bet Casino-App haben daf\u00fcr gesorgt, dass der Service auch f\u00fcr mobile Benutzer bereitgestellt wird. Sie k\u00f6nnen auch die Option eines Live-Chats in der App nutzen, der rund um die Uhr verf\u00fcgbar ist. <\/p>\n\n\n<div class=\"wp-block-image\">\n<figure class=\"aligncenter size-full is-resized\"><img decoding=\"async\" loading=\"lazy\" src=\"https:\/\/mcasinobet.com\/wp-content\/uploads\/2022\/05\/Mr-Bet-App-Contact.png\" alt=\"\" class=\"wp-image-101\" width=\"437\" height=\"182\" srcset=\"https:\/\/mcasinobet.com\/wp-content\/uploads\/2022\/05\/Mr-Bet-App-Contact.png 828w, https:\/\/mcasinobet.com\/wp-content\/uploads\/2022\/05\/Mr-Bet-App-Contact-300x125.png 300w, https:\/\/mcasinobet.com\/wp-content\/uploads\/2022\/05\/Mr-Bet-App-Contact-768x320.png 768w, https:\/\/mcasinobet.com\/wp-content\/uploads\/2022\/05\/Mr-Bet-App-Contact-18x8.png 18w\" sizes=\"(max-width: 437px) 100vw, 437px\" \/><\/figure><\/div>\n\n\n<ul><li><strong>Auszahlungen und Einzahlungen<\/strong><\/li><\/ul>\n\n\n\n<p>Wir nehmen an, dass es unfair w\u00e4re, den Kunden die M\u00f6glichkeit zu geben, zu spielen und Wetten abzuschlie\u00dfen, ohne gleichzeitig die wichtigen Geldoperationen durchf\u00fchren zu k\u00f6nnen. Gl\u00fccklicherweise hat Mr Bet alles durchdacht und bietet den Kunden an, das Konto aufzuf\u00fcllen und die Gewinne direkt in der App ohne Schwierigkeiten oder zus\u00e4tzliche Aktionen auszuzahlen. <\/p>\n\n\n\n<h2 class=\"wp-block-heading\">Herunterladen und Installieren der App<\/h2>\n\n\n\n<p>Die zum Installieren der App erforderlichen Aktionen k\u00f6nnen je nach Ger\u00e4tesoftware variieren, w\u00e4hlen Sie also die f\u00fcr Sie passende Anleitung aus.<\/p>\n\n\n\n<h3 class=\"wp-block-heading\">F\u00fcr Android-Benutzer<\/h3>\n\n\n\n<ol><li>Gehen Sie auf die offizielle Website von Mr. Bet und suchen Sie unten auf dem Bildschirm nach einem Android-Symbol.<\/li><li>Klicken Sie darauf und dann auf \u201eHerunterladen\u201c;<\/li><li>Best\u00e4tigen Sie die Aktion auf Ihrem Ger\u00e4t;<\/li><li>\u00d6ffnen Sie die App und klicken Sie auf die Schaltfl\u00e4che \u201eInstallieren\u201c.<\/li><li>Warten Sie, bis die Installation abgeschlossen ist, und genie\u00dfen Sie die Spiele!<\/li><\/ol>\n\n\n<div class=\"wp-block-image\">\n<figure class=\"aligncenter size-full is-resized\"><img decoding=\"async\" loading=\"lazy\" src=\"https:\/\/mcasinobet.com\/wp-content\/uploads\/2022\/05\/Mr-Bet-Android.png\" alt=\"\" class=\"wp-image-99\" width=\"553\" height=\"304\" srcset=\"https:\/\/mcasinobet.com\/wp-content\/uploads\/2022\/05\/Mr-Bet-Android.png 792w, https:\/\/mcasinobet.com\/wp-content\/uploads\/2022\/05\/Mr-Bet-Android-300x165.png 300w, https:\/\/mcasinobet.com\/wp-content\/uploads\/2022\/05\/Mr-Bet-Android-768x422.png 768w, https:\/\/mcasinobet.com\/wp-content\/uploads\/2022\/05\/Mr-Bet-Android-18x10.png 18w\" sizes=\"(max-width: 553px) 100vw, 553px\" \/><\/figure><\/div>\n\n\n<h3 class=\"wp-block-heading\">F\u00fcr iOS-Benutzer<\/h3>\n\n\n\n<ol><li>AppStore \u00f6ffnen;<\/li><li>Geben Sie \u201eMr Bet\u201c oder \u201eWild Adventure Twist\u201c ein und suchen Sie danach;<\/li><li>Klicken Sie auf die Download-Schaltfl\u00e4che;<\/li><li>Spielen und gewinnen!<\/li><\/ol>\n\n\n<div class=\"wp-block-image\">\n<figure class=\"aligncenter size-full is-resized\"><img decoding=\"async\" loading=\"lazy\" src=\"https:\/\/mcasinobet.com\/wp-content\/uploads\/2022\/05\/Mr-Bet-Ios.png\" alt=\"\" class=\"wp-image-100\" width=\"547\" height=\"292\" srcset=\"https:\/\/mcasinobet.com\/wp-content\/uploads\/2022\/05\/Mr-Bet-Ios.png 943w, https:\/\/mcasinobet.com\/wp-content\/uploads\/2022\/05\/Mr-Bet-Ios-300x161.png 300w, https:\/\/mcasinobet.com\/wp-content\/uploads\/2022\/05\/Mr-Bet-Ios-768x411.png 768w, https:\/\/mcasinobet.com\/wp-content\/uploads\/2022\/05\/Mr-Bet-Ios-18x10.png 18w\" sizes=\"(max-width: 547px) 100vw, 547px\" \/><\/figure><\/div>\n\n\n<p>Beide Wege sind ziemlich einfach und es dauert nicht lange, bis die Installation abgeschlossen ist. Danach k\u00f6nnen Sie die erstaunliche Erfahrung in vollen Z\u00fcgen genie\u00dfen und sich Ihre eigene Meinung \u00fcber die Anwendung bilden. Und hier ein kleiner Spoiler: <em>Es gibt noch viel mehr Vorteile in der App als nur die, die wir zuvor erw\u00e4hnt haben.<\/em> Und jetzt, da Sie es endlich wissen, holen Sie sich Ihre Gewinne mit der fantastischen Mr. Bet Casino App!<\/p>","protected":false},"excerpt":{"rendered":"Jeder kennt dieses Gef\u00fchl, wenn man es kaum erwarten kann, nach Hause zu kommen, um ein paar Spiele am Computer zu spielen. Manchmal scheint es jedoch f\u00fcr einige von uns zu schwierig und sogar unerreichbar. Arbeit, Familie, gesellschaftliche Anl\u00e4sse \u2013 der moderne Mensch scheint st\u00e4ndig unterwegs zu sein und hat weniger Zeit [\u2026]","protected":false},"author":1,"featured_media":0,"parent":0,"menu_order":0,"comment_status":"closed","ping_status":"closed","template":"","meta":{"footnotes":""},"_links":{"self":[{"href":"https:\/\/mcasinobet.com\/de\/wp-json\/wp\/v2\/pages\/95"}],"collection":[{"href":"https:\/\/mcasinobet.com\/de\/wp-json\/wp\/v2\/pages"}],"about":[{"href":"https:\/\/mcasinobet.com\/de\/wp-json\/wp\/v2\/types\/page"}],"author":[{"embeddable":true,"href":"https:\/\/mcasinobet.com\/de\/wp-json\/wp\/v2\/users\/1"}],"replies":[{"embeddable":true,"href":"https:\/\/mcasinobet.com\/de\/wp-json\/wp\/v2\/comments?post=95"}],"version-history":[{"count":4,"href":"https:\/\/mcasinobet.com\/de\/wp-json\/wp\/v2\/pages\/95\/revisions"}],"predecessor-version":[{"id":117,"href":"https:\/\/mcasinobet.com\/de\/wp-json\/wp\/v2\/pages\/95\/revisions\/117"}],"wp:attachment":[{"href":"https:\/\/mcasinobet.com\/de\/wp-json\/wp\/v2\/media?parent=95"}],"curies":[{"name":"wp","href":"https:\/\/api.w.org\/{rel}","templated":true}]}}