{"id":2,"date":"2022-04-19T15:49:47","date_gmt":"2022-04-19T12:49:47","guid":{"rendered":"https:\/\/mcasinobet.com\/?page_id=2"},"modified":"2022-05-27T17:35:18","modified_gmt":"2022-05-27T14:35:18","slug":"sample-page","status":"publish","type":"page","link":"https:\/\/mcasinobet.com\/es\/","title":{"rendered":"Ventajas de Mr Bet Casino"},"content":{"rendered":"<p>El casino en l\u00ednea con licencia Mr Bet es un lugar seguro con las mejores opciones de entretenimiento de juegos. Cualquier jugador probablemente est\u00e9 buscando una plataforma de juego tan incre\u00edble, y Mr Bet sin duda responde a todas las necesidades. Lea nuestra revisi\u00f3n honesta del casino Mr Bet para obtener m\u00e1s informaci\u00f3n. <\/p>\n\n\n\n<p>Mr Bet es un casino en l\u00ednea con licencia que ha estado en el negocio desde 2018. Durante m\u00e1s de 2 a\u00f1os, sigue siendo popular entre los jugadores. <strong>El casino en l\u00ednea Mr Bet brinda a sus jugadores acceso a muchas m\u00e1quinas tragamonedas con licencia. <\/strong>Sin embargo, puedes jugar en los entretenimientos menos populares, porque tambi\u00e9n son de muy alta calidad. <\/p>\n\n\n\n<p>Retiros f\u00e1ciles, grandes bonos y soporte de usuarios expertos atraen a jugadores de todo el mundo.<\/p>\n\n\n\n<p><h2>Sitio oficial de Casino MrBet<\/h2><\/p>\n\n\n\n<p>El sitio web oficial del club de juego sigue todas las tendencias modernas de Internet. Su bonito dise\u00f1o con el uso de tonos atractivos no irrita los ojos del jugador. El sitio tambi\u00e9n tiene una mascota adorable con traje y bigote que simboliza al mismo Mr Bet. Siempre est\u00e1 aqu\u00ed para ofrecer a los jugadores algunos juegos divertidos y emocionantes, incre\u00edbles bonos y un valioso apoyo. Mr Bet es el anfitri\u00f3n del sitio que le mostrar\u00e1 los alrededores y le traer\u00e1 alegr\u00eda. <\/p>\n\n\n<div class=\"wp-block-image\">\n<figure class=\"aligncenter size-large\"><img decoding=\"async\" loading=\"lazy\" width=\"1024\" height=\"468\" src=\"https:\/\/mcasinobet.com\/wp-content\/uploads\/2022\/04\/mr-bet-site-1024x468.png\" alt=\"P\u00e1gina principal de MrBet\" class=\"wp-image-10\" srcset=\"https:\/\/mcasinobet.com\/wp-content\/uploads\/2022\/04\/mr-bet-site-1024x468.png 1024w, https:\/\/mcasinobet.com\/wp-content\/uploads\/2022\/04\/mr-bet-site-300x137.png 300w, https:\/\/mcasinobet.com\/wp-content\/uploads\/2022\/04\/mr-bet-site-768x351.png 768w, https:\/\/mcasinobet.com\/wp-content\/uploads\/2022\/04\/mr-bet-site-1536x703.png 1536w, https:\/\/mcasinobet.com\/wp-content\/uploads\/2022\/04\/mr-bet-site.png 1893w\" sizes=\"(max-width: 1024px) 100vw, 1024px\" \/><figcaption>P\u00e1gina de inicio del sitio oficial Mr Bet Casino<\/figcaption><\/figure><\/div>\n\n\n<p>La interfaz conveniente y simple le permite encontrar f\u00e1cilmente una tragamonedas o un juego que necesita o seleccionar las tragamonedas con premio mayor.<\/p>\n\n\n\n<p>El club virtual funciona bajo la licencia de Cura\u00e7ao. La existencia de dicha licencia demuestra la equidad del RNG (generador de n\u00fameros aleatorios), los pagos de dinero oportunos y el cumplimiento de la plataforma con todos los requisitos de las organizaciones reguladoras.<\/p>\n\n\n\n<p>En la barra lateral izquierda, los jugadores pueden ver un men\u00fa con casino, apuestas deportivas en cualquier partido, promociones y la batalla de giros. Debajo del men\u00fa, siempre hay informaci\u00f3n actualizada sobre los torneos o loter\u00edas actuales y una cuenta regresiva hasta su finalizaci\u00f3n.<\/p>\n\n\n\n<h2 class=\"wp-block-heading\">\u00bfC\u00f3mo te registras en el sitio de MrBet Casino?<\/h2>\n\n\n\n<p>Si desea iniciar un juego de casino en l\u00ednea, debe crear una cuenta. Es importante por varias razones principales. En primer lugar, es necesario brindar la mejor seguridad y hacer del casino un lugar seguro. Cuando crea una cuenta y verifica sus datos, queda protegido por la legislaci\u00f3n del sitio web y puede solicitar ayuda en cualquier momento. Los datos personales que se le pedir\u00e1 que ingrese durante el registro est\u00e1n encriptados de forma segura por el sistema del sitio, por lo que no debe preocuparse por eso. <\/p>\n\n\n\n<p>En segundo lugar, el registro le permite recibir y utilizar algunos bonos y promociones especiales de la plataforma, por lo que le recomendamos aprovechar la oportunidad y crear una cuenta. <\/p>\n\n\n\n<p>En MrBet puede registrarse f\u00e1cilmente o iniciar sesi\u00f3n en una cuenta de casino en l\u00ednea: \u00a1le llevar\u00e1 menos de 1 minuto!<\/p>\n\n\n<div class=\"wp-block-image\">\n<figure class=\"aligncenter is-resized\"><img decoding=\"async\" loading=\"lazy\" src=\"https:\/\/mcasinobet.com\/wp-content\/uploads\/2022\/04\/mr-bet-registration.png\" alt=\"Ventana de registro\" width=\"410\" height=\"408\"\/><figcaption>Ventana de registro<\/figcaption><\/figure><\/div>\n\n\n<p>El proceso de registro en el sitio web es bastante simple y se puede completar en varios pasos:<\/p>\n\n\n\n<ol><li>Abra el sitio en su navegador<\/li><li>Presione &quot;Registrarse&quot; y ser\u00e1 redirigido autom\u00e1ticamente a la p\u00e1gina de registro;<\/li><li>Ingrese los datos necesarios (correo electr\u00f3nico, contrase\u00f1a, nombre de usuario, etc.);<\/li><li>Escriba el c\u00f3digo de usuario de Mr Bet, en caso de que ya tenga uno.<\/li><\/ol>\n\n\n\n<p>Esas acciones lo ayudar\u00e1n a finalizar el registro. Despu\u00e9s de eso, solo tendr\u00e1s que activarlo a trav\u00e9s de un enlace especial y completar tu perfil. No hace falta mencionar que le sugerimos que realice la verificaci\u00f3n de datos antes de realizar su primer retiro de dinero. Esta acci\u00f3n lo ayudar\u00e1 a descartar la posibilidad de que surjan problemas durante el proceso. <\/p>\n\n\n\n<p>Adem\u00e1s, nos gustar\u00eda se\u00f1alar que puede crear una cuenta en las versiones m\u00f3vil y de escritorio del sitio oficial de MrBet. Puedes leer m\u00e1s sobre la versi\u00f3n m\u00f3vil de la plataforma <a href=\"https:\/\/mcasinobet.com\/es\/aplicacion-mr-bet-casino\/\" data-type=\"page\" data-id=\"95\">en el otro articulo<\/a>.<\/p>\n\n\n\n<div class=\"wp-block-columns is-layout-flex wp-container-3 wp-block-columns-is-layout-flex\">\n<div class=\"wp-block-column is-layout-flow wp-block-column-is-layout-flow\" style=\"flex-basis:50%\">\n<p>Una vez que se haya creado el perfil, siempre puede iniciar sesi\u00f3n en Mr Bet Casino y comenzar a jugar. No importa qu\u00e9 dispositivo us\u00f3 durante el registro, PC, tableta o tel\u00e9fono inteligente, tambi\u00e9n puede iniciar sesi\u00f3n con cualquiera de los dispositivos. <\/p>\n\n\n\n<p>El sitio tambi\u00e9n lo ayudar\u00e1 si ha olvidado la contrase\u00f1a, y puede recuperarla r\u00e1pidamente proporcionando el correo electr\u00f3nico que utiliz\u00f3 para crear su cuenta.<\/p>\n<\/div>\n\n\n\n<div class=\"wp-block-column is-layout-flow wp-block-column-is-layout-flow\" style=\"flex-basis:50%\"><div class=\"wp-block-image\">\n<figure class=\"aligncenter size-full\"><img decoding=\"async\" loading=\"lazy\" width=\"330\" height=\"381\" src=\"https:\/\/mcasinobet.com\/wp-content\/uploads\/2022\/05\/\u0421\u043d\u0438\u043c\u043e\u043a-\u044d\u043a\u0440\u0430\u043d\u0430-2022-05-25-\u0432-15.31.37.png\" alt=\"\" class=\"wp-image-74\" srcset=\"https:\/\/mcasinobet.com\/wp-content\/uploads\/2022\/05\/\u0421\u043d\u0438\u043c\u043e\u043a-\u044d\u043a\u0440\u0430\u043d\u0430-2022-05-25-\u0432-15.31.37.png 330w, https:\/\/mcasinobet.com\/wp-content\/uploads\/2022\/05\/\u0421\u043d\u0438\u043c\u043e\u043a-\u044d\u043a\u0440\u0430\u043d\u0430-2022-05-25-\u0432-15.31.37-260x300.png 260w, https:\/\/mcasinobet.com\/wp-content\/uploads\/2022\/05\/\u0421\u043d\u0438\u043c\u043e\u043a-\u044d\u043a\u0440\u0430\u043d\u0430-2022-05-25-\u0432-15.31.37-10x12.png 10w\" sizes=\"(max-width: 330px) 100vw, 330px\" \/><figcaption>Iniciar sesi\u00f3n ventana<\/figcaption><\/figure><\/div><\/div>\n<\/div>\n\n\n\n<h3 class=\"wp-block-heading\">Informaci\u00f3n importante para nuevos jugadores<\/h3>\n\n\n\n<p>Incluso el m\u00e1s simple de los registros puede contener algunas trampas. Hay varios puntos clave que son f\u00e1ciles de pasar por alto. Por eso, algunos jugadores no pueden pasar la verificaci\u00f3n o retirar el dinero que han ganado en el juego. Entonces, \u00bfqu\u00e9 necesita saber para protegerse de tales errores?<\/p>\n\n\n\n<ol><li>Use solo sus datos personales reales para registrarse y realizar pagos, esto le permitir\u00e1 jugar y retirar los fondos en el sitio web sin ning\u00fan problema.<\/li><li>Tampoco debe crear m\u00e1s de una cuenta. Es una de las reglas aqu\u00ed, y existe por razones de seguridad. <\/li><li>Antes de enviar sus datos personales, rev\u00edselos una vez m\u00e1s para asegurarse de que no contengan errores.<\/li><li>No permitas que otros accedan a tu cuenta y no inicies sesi\u00f3n en las cuentas de otros jugadores. Si los moderadores del sitio notan algo sospechoso con respecto al uso de datos, tendr\u00e1n que hacer algo al respecto. <\/li><\/ol>\n\n\n\n<p>Estos consejos le ayudar\u00e1n a disminuir los riesgos y proteger\u00e1n todos sus fondos en efectivo. <strong>S\u00edgalos y ser\u00e1 verificado r\u00e1pidamente en Mr Bet Casino y podr\u00e1 retirar sus ganancias f\u00e1cilmente.<\/strong><\/p>\n\n\n\n<h2 class=\"wp-block-heading\">Qu\u00e9 bonos y oportunidades ofrece MrBet<\/h2>\n\n\n\n<p>Casi todo el mundo disfruta de los regalos y bonos especiales. Es por eso que los creadores del casino han desarrollado una de las m\u00e1s generosas selecciones de promociones para los nuevos jugadores. El enorme paquete de bonificaci\u00f3n de bienvenida ayudar\u00e1 a cualquier nuevo jugador a disfrutar de los juegos durante mucho tiempo y aumentar\u00e1 las posibilidades de ganar un gran premio.<\/p>\n\n\n\n<p>\u00bfQu\u00e9 bonos pueden esperar ganar los jugadores?<\/p>\n\n\n\n<ol><li>Bono de bienvenida: bono 400% para los primeros cuatro dep\u00f3sitos<\/li><li>Cashback: devuelve al usuario 5% del dinero gastado<\/li><li>Bono de MrBet y Pragmatic Play<\/li><li>Gotas y ganancias diarias de PragmaticPlay<\/li><\/ol>\n\n\n<div class=\"wp-block-image\">\n<figure class=\"aligncenter\"><img decoding=\"async\" src=\"https:\/\/mcasinobet.com\/wp-content\/uploads\/2022\/04\/mr-bet-bonuses.png\" alt=\"Todos los bonos de MrBet Casino\"\/><figcaption>Todos los bonos de Mr Bet<\/figcaption><\/figure><\/div>\n\n\n<p>No olvide consultar las promociones y torneos que ofrecen los proveedores. <strong>Mr Bet Casino es el afiliado oficial de los desarrolladores de juegos, por lo que todos sus jugadores pueden participar en torneos y loter\u00edas con paquetes de premios especialmente grandes.<\/strong><\/p>\n\n\n\n<h3 class=\"wp-block-heading\">\u00bfC\u00f3mo encontrar un c\u00f3digo de cup\u00f3n y obtener un regalo \u00fanico?<\/h3>\n\n\n\n<p>Solo necesitas seguir los dos sencillos pasos:<\/p>\n\n\n\n<ol><li>Suscr\u00edbase al bolet\u00edn de MrBet Casino: obtenga bonos, c\u00f3digos promocionales y anuncios de eventos raros directamente en su direcci\u00f3n de correo electr\u00f3nico.<\/li><li>Realice un seguimiento de las promociones en los sitios web de socios y proveedores. La informaci\u00f3n sobre varios torneos y promociones especiales se publica regularmente all\u00ed.<\/li><li>En caso de que a\u00fan no haya creado una cuenta en el sitio web de la casa de apuestas, le sugerimos que lo haga ahora, ya que los bonos est\u00e1n disponibles para los jugadores registrados. Es un tr\u00e1mite sencillo que no requiere mucho de tu tiempo y esfuerzo, y las oportunidades que tendr\u00e1s despu\u00e9s valen totalmente la pena.<\/li><\/ol>\n\n\n\n<h2 class=\"wp-block-heading\">Tragamonedas en el casino en l\u00ednea Mr Bet \u2013 revisi\u00f3n<\/h2>\n\n\n\n<p>El club de juego coopera con diferentes desarrolladores de software. Como resultado, los usuarios pueden disfrutar jugando las tragamonedas m\u00e1s emocionantes, tragamonedas cl\u00e1sicas famosas o incluso nuevos lanzamientos exclusivos. Al mismo tiempo, el entretenimiento ofrecido en el sitio web siempre est\u00e1 actualizado.<\/p>\n\n\n\n<p>Hay muchos proveedores de juegos famosos en el sitio, entre los que podemos se\u00f1alar la siguiente selecci\u00f3n:<\/p>\n\n\n\n<ol><li>Juego pragm\u00e1tico<\/li><li>NetEnt<\/li><li>Habanero<\/li><li>Juega y ve<\/li><li>Playtech<\/li><li>Microjuegos, etc<\/li><\/ol>\n\n\n\n<p>Las empresas son profesionales en lo que respecta al desarrollo de juegos y ofrecen a los usuarios un producto incre\u00edble que les permitir\u00e1 ganar. Si ha estado en los juegos de azar durante bastante tiempo, probablemente haya jugado en los juegos creados por las empresas. La casa de apuestas seleccion\u00f3 cuidadosamente a los proveedores de una variedad de otros, porque est\u00e1 interesada en hacer de la plataforma un gran lugar que brinde alegr\u00eda a todos los que la visitan.<\/p>\n\n\n<div class=\"wp-block-image\">\n<figure class=\"aligncenter\"><img decoding=\"async\" src=\"https:\/\/mcasinobet.com\/wp-content\/uploads\/2022\/04\/mr-bet-games.png\" alt=\"Proveedores de juegos de casino de Mr Bet\"\/><figcaption>Proveedores de juegos Mr Bet<\/figcaption><\/figure><\/div>\n\n\n<p>Adem\u00e1s de los m\u00faltiples proveedores, los jugadores tambi\u00e9n pueden elegir entre las categor\u00edas de m\u00e1quinas tragamonedas presentadas en el cat\u00e1logo. Las obras de teatro son realmente cautivadoras, por lo que es imprescindible cuando visitas la p\u00e1gina.<\/p>\n\n\n<div class=\"wp-block-image\">\n<figure class=\"aligncenter\"><img decoding=\"async\" src=\"https:\/\/mcasinobet.com\/wp-content\/uploads\/2022\/04\/mr-bet-new-games.png\" alt=\"Cat\u00e1logo de juegos\"\/><figcaption>Cat\u00e1logo de juegos<\/figcaption><\/figure><\/div>\n\n\n<h3 class=\"wp-block-heading\">Los mejores juegos<\/h3>\n\n\n\n<p>El cat\u00e1logo separado contiene los mejores juegos seg\u00fan la opini\u00f3n de los jugadores. Incluye las tragamonedas antiguas que todos adoran, as\u00ed como los juegos basados en historias. Por ejemplo, la tragamonedas Book of Dead, la tragamonedas Wolf Gold y la tragamonedas Legacy of Dead.<\/p>\n\n\n<div class=\"wp-block-image\">\n<figure class=\"aligncenter\"><img decoding=\"async\" src=\"https:\/\/mcasinobet.com\/wp-content\/uploads\/2022\/04\/mr-bet-top-games.png\" alt=\"Revisi\u00f3n de los juegos de casino en l\u00ednea Mr Bet\"\/><figcaption>Top cat\u00e1logo de juegos<\/figcaption><\/figure><\/div>\n\n\n<p>&nbsp;Todos los juegos m\u00e1s populares responden a una lista de requisitos no oficiales: ser interesantes, emocionantes y poseer una excelente jugabilidad y dise\u00f1o. Los usuarios de los casinos en l\u00ednea eligen esos juegos y contin\u00faan jugando en ellos debido a las caracter\u00edsticas mencionadas. As\u00ed que tienes todas las razones para confiar en la opini\u00f3n de los jugadores m\u00e1s activos de Mr Bet.<\/p>\n\n\n\n<h3 class=\"wp-block-heading\">Nuevos juegos<\/h3>\n\n\n\n<p>La casa de apuestas trata de mantener actualizado el cat\u00e1logo de los juegos, a\u00f1adiendo los lanzamientos de los proveedores. Los jugadores pueden encontrar las \u00faltimas tragamonedas en el cat\u00e1logo.<\/p>\n\n\n<div class=\"wp-block-image\">\n<figure class=\"aligncenter\"><img decoding=\"async\" src=\"https:\/\/mcasinobet.com\/wp-content\/uploads\/2022\/04\/mr-bet-new-games.png\" alt=\"Nuevo cat\u00e1logo de juegos\"\/><figcaption>Nuevo cat\u00e1logo de juegos<\/figcaption><\/figure><\/div>\n\n\n<h3 class=\"wp-block-heading\">casino en vivo<\/h3>\n\n\n\n<p>Otro favorito de la categor\u00eda de jugadores es Mr Bet Live Casino, que brinda a los usuarios la oportunidad de sumergirse en el juego con crupier en vivo y experimentar una tormenta de emoci\u00f3n. Entre los juegos de mesa de esta categor\u00eda puedes encontrar f\u00e1cilmente la conocida ruleta, blackjack, baccarat y m\u00e1s. Los crupieres profesionales estar\u00e1n encantados de jugar contigo en cualquier momento, solo visita la secci\u00f3n y selecciona una de las salas disponibles.<\/p>\n\n\n<div class=\"wp-block-image\">\n<figure class=\"aligncenter\"><img decoding=\"async\" src=\"https:\/\/mcasinobet.com\/wp-content\/uploads\/2022\/04\/mr-bet-live-casino.png\" alt=\"Cat\u00e1logo de casino en vivo\"\/><figcaption>Cat\u00e1logo de casino en vivo<\/figcaption><\/figure><\/div>\n\n\n<p>Todos los crupieres en vivo tienen mucha experiencia en el campo y pueden hacer cualquier cosa emocionante f\u00e1cilmente. No importa si se trata de un juego de cartas, una ruleta giratoria o alg\u00fan entretenimiento exclusivo de Mr Bet, seguro que el juego ser\u00e1 bueno.<\/p>\n\n\n\n<h2 class=\"wp-block-heading\">Mr Bet operaciones de dinero<\/h2>\n\n\n\n<p>Al visitar varios casinos en l\u00ednea, los jugadores tienen que lidiar con diferentes caracter\u00edsticas y condiciones. Los sitios m\u00e1s f\u00e1ciles de usar siempre operar\u00e1n de conformidad con la ley y ofrecer\u00e1n a todos y cada uno de los usuarios un juego limpio. Dichos sitios le permitir\u00e1n mantener sus ganancias en la cuenta y hacer que su retiro de fondos sea muy simple.<\/p>\n\n\n\n<blockquote class=\"wp-block-quote\"><p>Mr Bet es uno de los l\u00edderes indiscutibles en el mercado internacional de juegos de azar en l\u00ednea. Parte de la raz\u00f3n de su enorme nivel de popularidad es un servicio de calidad sofisticado que utilizan los jugadores y aficionados al juego de todo el mundo.<\/p><\/blockquote>\n\n\n\n<p>Antes de seleccionar el m\u00e9todo de pago de Mr Bet m\u00e1s conveniente y realizar el primer pago, deber\u00e1 proporcionar los detalles de confirmaci\u00f3n. Aseg\u00farese de ingresar sus datos reales durante el registro y no cometa errores. Es realmente importante, porque ayuda a asegurarse de que usted es una persona real y evita el uso de cualquier mecanismo de fraude, por lo tanto, protege los datos del usuario y el sitio web en s\u00ed.<\/p>\n\n\n\n<p>Otra regla crucial de la que todos los jugadores hablan es elegir solo los m\u00e9todos de pago (por ejemplo, tarjetas) que te ofrece el sitio oficial. En este caso, el departamento de seguridad o finanzas de la empresa no tendr\u00e1 sospechas innecesarias. Puede usar los siguientes m\u00e9todos para hacer un dep\u00f3sito o retiro:<\/p>\n\n\n\n<ol><li>Tarjetas de cr\u00e9dito y tarjetas bancarias;<\/li><li>Monederos electr\u00f3nicos y servicios de pago;<\/li><li>transferencias de cr\u00e9dito;<\/li><li>Tajetas prepagadas.<\/li><\/ol>\n\n\n<div class=\"wp-block-image\">\n<figure class=\"aligncenter\"><img decoding=\"async\" src=\"https:\/\/mcasinobet.com\/wp-content\/uploads\/2022\/04\/mr-bet-payments.png\" alt=\"Revisi\u00f3n de los m\u00e9todos de retiro de Mr Bet Casino\"\/><figcaption>M\u00e9todos de pago disponibles<\/figcaption><\/figure><\/div>\n\n\n<p>El sitio coopera con proveedores como VISA, Mastercard, Neosurf, Paysafe, Ethereum, Bitcoin y algunos m\u00e1s. <\/p>\n\n\n\n<p>Recuerde que las tarifas de dep\u00f3sito y retiro en MrBet est\u00e1n determinadas por el sistema de pago. La mayor\u00eda de las veces no hay cargo, sin embargo, aseg\u00farese de verificar los t\u00e9rminos antes de solicitar una operaci\u00f3n de dinero. <\/p>\n\n\n\n<p>Tambi\u00e9n existe una cantidad m\u00ednima de reposiciones y retiros que el usuario puede realizar en el sitio. La suma tambi\u00e9n es diferente para cada m\u00e9todo de pago. <\/p>\n\n\n\n<p>El tiempo que tarda en completarse una operaci\u00f3n puede variar seg\u00fan la opci\u00f3n que seleccione, el monto de dinero y algunos otros factores. As\u00ed que, por favor, ten paciencia y no entres en p\u00e1nico. El departamento de finanzas necesita revisar todo atentamente. La mayor\u00eda de los casos demoran hasta 72 horas como m\u00e1ximo (generalmente es bastante r\u00e1pido e incluso se puede ejecutar de inmediato). En caso de que tenga dificultades o tenga preguntas, no dude en comunicarse con el servicio de atenci\u00f3n al cliente del sitio web.<\/p>\n\n\n\n<h2 class=\"wp-block-heading\">Servicio al Cliente<\/h2>\n\n\n\n<p><em>Mr Bet casino tambi\u00e9n tiene un fant\u00e1stico servicio de soporte con el que es un puro placer trabajar.<\/em> Los trabajadores del equipo de soporte siempre est\u00e1n listos para responder cualquier pregunta o sugerencia que tenga. Funciona las 24 horas del d\u00eda, los 7 d\u00edas de la semana, lo cual es una caracter\u00edstica realmente conveniente, porque todos sabemos lo divertido que es jugar de noche. <\/p>\n\n\n\n<p>Para hablar con el servicio de atenci\u00f3n al cliente, haga clic en el icono en la parte inferior izquierda del men\u00fa. Se abrir\u00e1 autom\u00e1ticamente una ventana de ayuda. Puede arrastrar la ventana a cualquier lugar de la pantalla, haci\u00e9ndolo m\u00e1s conveniente para usted y sin interferir con nada.<\/p>\n\n\n<div class=\"wp-block-image\">\n<figure class=\"aligncenter size-full\"><img decoding=\"async\" loading=\"lazy\" width=\"127\" height=\"41\" src=\"https:\/\/mcasinobet.com\/wp-content\/uploads\/2022\/05\/Mr-Bet-Support-Icon.png\" alt=\"\" class=\"wp-image-70\" srcset=\"https:\/\/mcasinobet.com\/wp-content\/uploads\/2022\/05\/Mr-Bet-Support-Icon.png 127w, https:\/\/mcasinobet.com\/wp-content\/uploads\/2022\/05\/Mr-Bet-Support-Icon-18x6.png 18w\" sizes=\"(max-width: 127px) 100vw, 127px\" \/><figcaption>icono de atenci\u00f3n al cliente<\/figcaption><\/figure><\/div>\n\n\n<p>En la ventana de ayuda se le ofrecer\u00e1 al usuario una peque\u00f1a secci\u00f3n con las preguntas y respuestas m\u00e1s populares. Puede revisar las preguntas y hacer clic en la que parece estar relacionada con su problema.<\/p>\n\n\n<div class=\"wp-block-image\">\n<figure class=\"aligncenter size-full\"><img decoding=\"async\" loading=\"lazy\" width=\"279\" height=\"455\" src=\"https:\/\/mcasinobet.com\/wp-content\/uploads\/2022\/05\/Mr-Bet-Support.png\" alt=\"\" class=\"wp-image-72\" srcset=\"https:\/\/mcasinobet.com\/wp-content\/uploads\/2022\/05\/Mr-Bet-Support.png 279w, https:\/\/mcasinobet.com\/wp-content\/uploads\/2022\/05\/Mr-Bet-Support-184x300.png 184w, https:\/\/mcasinobet.com\/wp-content\/uploads\/2022\/05\/Mr-Bet-Support-7x12.png 7w\" sizes=\"(max-width: 279px) 100vw, 279px\" \/><\/figure><\/div>\n\n\n<p>En caso de que ninguno de los temas ofrecidos est\u00e9 relacionado con su problema o simplemente no pueda resolverlo, puede desplazarse un poco hacia abajo y hacer clic en el bot\u00f3n que dice &quot;Ir al chat en vivo&quot;.<\/p>\n\n\n<div class=\"wp-block-image\">\n<figure class=\"aligncenter size-full\"><img decoding=\"async\" loading=\"lazy\" width=\"276\" height=\"306\" src=\"https:\/\/mcasinobet.com\/wp-content\/uploads\/2022\/05\/Mr-Bet-Help-1.png\" alt=\"\" class=\"wp-image-73\" srcset=\"https:\/\/mcasinobet.com\/wp-content\/uploads\/2022\/05\/Mr-Bet-Help-1.png 276w, https:\/\/mcasinobet.com\/wp-content\/uploads\/2022\/05\/Mr-Bet-Help-1-271x300.png 271w, https:\/\/mcasinobet.com\/wp-content\/uploads\/2022\/05\/Mr-Bet-Help-1-11x12.png 11w\" sizes=\"(max-width: 276px) 100vw, 276px\" \/><\/figure><\/div>\n\n\n<p>El chat en vivo funciona las 24 horas del d\u00eda, los 7 d\u00edas de la semana y es muy f\u00e1cil de usar. Para enviar su solicitud, deber\u00e1 ingresar su nombre, seleccionar el tema relacionado con su problema (lo ayudar\u00e1 a designar al mejor especialista capaz de resolver su problema y acelerar el proceso) y escriba la informaci\u00f3n detallada que describe todo. . El operador de chat te responder\u00e1 lo m\u00e1s r\u00e1pido posible y te ayudar\u00e1 a solucionarlo todo.<\/p>\n\n\n\n<p>La secci\u00f3n de preguntas frecuentes, al igual que el sitio web en s\u00ed, est\u00e1 disponible en varios idiomas, seg\u00fan lo que prefiera. La versi\u00f3n canadiense se ofrece en franc\u00e9s, sin embargo, si no le parece adecuado, puede seleccionar una versi\u00f3n cl\u00e1sica en ingl\u00e9s. El idioma se puede cambiar despu\u00e9s de hacer clic en un icono de bandera al lado del bot\u00f3n de soporte. <\/p>","protected":false},"excerpt":{"rendered":"El casino en l\u00ednea con licencia Mr Bet es un lugar seguro con las mejores opciones de entretenimiento de juegos. Cualquier jugador probablemente est\u00e9 buscando una plataforma de juego tan incre\u00edble, y Mr Bet sin duda responde a todas las necesidades. Lea nuestra rese\u00f1a honesta del casino Mr Bet para obtener m\u00e1s informaci\u00f3n. Mr Bet es un casino en l\u00ednea con licencia que [\u2026]","protected":false},"author":1,"featured_media":0,"parent":0,"menu_order":0,"comment_status":"closed","ping_status":"open","template":"templates\/main.php","meta":{"footnotes":""},"_links":{"self":[{"href":"https:\/\/mcasinobet.com\/es\/wp-json\/wp\/v2\/pages\/2"}],"collection":[{"href":"https:\/\/mcasinobet.com\/es\/wp-json\/wp\/v2\/pages"}],"about":[{"href":"https:\/\/mcasinobet.com\/es\/wp-json\/wp\/v2\/types\/page"}],"author":[{"embeddable":true,"href":"https:\/\/mcasinobet.com\/es\/wp-json\/wp\/v2\/users\/1"}],"replies":[{"embeddable":true,"href":"https:\/\/mcasinobet.com\/es\/wp-json\/wp\/v2\/comments?post=2"}],"version-history":[{"count":28,"href":"https:\/\/mcasinobet.com\/es\/wp-json\/wp\/v2\/pages\/2\/revisions"}],"predecessor-version":[{"id":120,"href":"https:\/\/mcasinobet.com\/es\/wp-json\/wp\/v2\/pages\/2\/revisions\/120"}],"wp:attachment":[{"href":"https:\/\/mcasinobet.com\/es\/wp-json\/wp\/v2\/media?parent=2"}],"curies":[{"name":"wp","href":"https:\/\/api.w.org\/{rel}","templated":true}]}}