{"id":95,"date":"2022-05-26T23:23:58","date_gmt":"2022-05-26T20:23:58","guid":{"rendered":"https:\/\/mcasinobet.com\/?page_id=95"},"modified":"2022-05-27T14:13:05","modified_gmt":"2022-05-27T11:13:05","slug":"mr-bet-casino-app","status":"publish","type":"page","link":"https:\/\/mcasinobet.com\/es\/aplicacion-mr-bet-casino\/","title":{"rendered":"Aplicaci\u00f3n Mr Bet Casino | Descargar ahora"},"content":{"rendered":"<p>Todo el mundo conoce estos sentimientos cuando no puedes esperar a llegar a tu casa para poder jugar algunos juegos en la computadora. Sin embargo, a veces parece demasiado dif\u00edcil e incluso inalcanzable para algunos de nosotros. Trabajo, familia, eventos sociales: la gente moderna parece estar constantemente en camino y tiene menos tiempo para simplemente relajarse y disfrutar de las cosas que les brindan felicidad. Afortunadamente, <a href=\"https:\/\/mcasinobet.com\/es\/\" data-type=\"page\">Sr. Apuesta Casino <\/a>ofrece una gran soluci\u00f3n al problema al proporcionar una aplicaci\u00f3n incre\u00edble creada especialmente para facilitar que los entusiastas de los juegos de azar contin\u00faen con su actividad.<\/p>\n\n\n<div class=\"wp-block-image\">\n<figure class=\"aligncenter size-large is-resized\"><img decoding=\"async\" loading=\"lazy\" src=\"https:\/\/mcasinobet.com\/wp-content\/uploads\/2022\/05\/Mr-Bet-App-Main-601x1024.png\" alt=\"\" class=\"wp-image-98\" width=\"274\" height=\"467\" srcset=\"https:\/\/mcasinobet.com\/wp-content\/uploads\/2022\/05\/Mr-Bet-App-Main-601x1024.png 601w, https:\/\/mcasinobet.com\/wp-content\/uploads\/2022\/05\/Mr-Bet-App-Main-176x300.png 176w, https:\/\/mcasinobet.com\/wp-content\/uploads\/2022\/05\/Mr-Bet-App-Main-768x1309.png 768w, https:\/\/mcasinobet.com\/wp-content\/uploads\/2022\/05\/Mr-Bet-App-Main-7x12.png 7w, https:\/\/mcasinobet.com\/wp-content\/uploads\/2022\/05\/Mr-Bet-App-Main.png 828w\" sizes=\"(max-width: 274px) 100vw, 274px\" \/><\/figure><\/div>\n\n\n<h2 class=\"wp-block-heading\">\u00bfQu\u00e9 es exactamente la aplicaci\u00f3n Mr Bet Casino?<\/h2>\n\n\n\n<p>Mr Bet es una gran plataforma en l\u00ednea para realizar apuestas deportivas y jugar juegos de casino. Ha ganado popularidad en todo el mundo. Los desarrolladores del sitio incluso tuvieron que crear versiones en varios idiomas de la plataforma para hacerla m\u00e1s inclusiva y demostrar que se preocupa por los usuarios. Como resultado, el sitio web oficial ya est\u00e1 disponible en 19 idiomas diferentes, y probablemente habr\u00e1 m\u00e1s en el futuro. En Canad\u00e1, el sitio funciona en franc\u00e9s, aunque siempre puede cambiar a la versi\u00f3n en ingl\u00e9s si parece satisfacer m\u00e1s sus deseos.<\/p>\n\n\n<div class=\"wp-block-image\">\n<figure class=\"aligncenter size-full\"><img decoding=\"async\" loading=\"lazy\" width=\"152\" height=\"206\" src=\"https:\/\/mcasinobet.com\/wp-content\/uploads\/2022\/05\/\u0421\u043d\u0438\u043c\u043e\u043a-\u044d\u043a\u0440\u0430\u043d\u0430-2022-05-26-\u0432-18.35.45.png\" alt=\"\" class=\"wp-image-96\" srcset=\"https:\/\/mcasinobet.com\/wp-content\/uploads\/2022\/05\/\u0421\u043d\u0438\u043c\u043e\u043a-\u044d\u043a\u0440\u0430\u043d\u0430-2022-05-26-\u0432-18.35.45.png 152w, https:\/\/mcasinobet.com\/wp-content\/uploads\/2022\/05\/\u0421\u043d\u0438\u043c\u043e\u043a-\u044d\u043a\u0440\u0430\u043d\u0430-2022-05-26-\u0432-18.35.45-9x12.png 9w\" sizes=\"(max-width: 152px) 100vw, 152px\" \/><figcaption>Men\u00fa de idioma<\/figcaption><\/figure><\/div>\n\n\n<p>Sin embargo, la abundancia de idiomas no es lo \u00fanico que hace que la plataforma sea m\u00e1s accesible para los usuarios de todo el mundo. Los creadores han decidido crear una incre\u00edble aplicaci\u00f3n de casino que responda a todas las necesidades de los clientes de la plataforma. El plan era hacer una aplicaci\u00f3n que fuera f\u00e1cil de navegar, tuviera un dise\u00f1o atractivo, ofreciera muchos juegos populares entre los usuarios de Mr Bet y tuviera la funcionalidad de la versi\u00f3n completa del sitio web. Probablemente hubo mucho trabajo duro y lluvia de ideas involucradas en el proceso de creaci\u00f3n del sitio web, porque ahora parece que se ha alcanzado con \u00e9xito el resultado solicitado. La aplicaci\u00f3n tiene muchos beneficios excelentes de los que nos gustar\u00eda hablar m\u00e1s.<\/p>\n\n\n\n<h3 class=\"wp-block-heading\">Beneficios de la aplicaci\u00f3n<\/h3>\n\n\n\n<p>Hay muchas funciones excelentes en la aplicaci\u00f3n Mr Bet Casino. Sin embargo, creemos que es importante comenzar con algunas cosas b\u00e1sicas para que pueda aprender m\u00e1s sobre la aplicaci\u00f3n sin tener que lidiar con mucha informaci\u00f3n in\u00fatil.<\/p>\n\n\n\n<ul><li><strong>Cientos de juegos y encuentros deportivos.<\/strong><\/li><\/ul>\n\n\n\n<p>Al descargar una aplicaci\u00f3n, probablemente se sentir\u00eda decepcionado si resultara completamente in\u00fatil. Afortunadamente, no es el caso de la aplicaci\u00f3n Mr Bet Casino. Aqu\u00ed se le ofrecer\u00e1 una gran cantidad de diversos tipos de entretenimiento: torneos deportivos favoritos, m\u00e1quinas tragamonedas amadas y juegos de cartas. Todo es como en la versi\u00f3n completa del sitio web, pero un poco optimizado para adaptarse a su dispositivo inteligente.<\/p>\n\n\n\n<ul><li><strong>Compatibilidad<\/strong><\/li><\/ul>\n\n\n\n<p>La aplicaci\u00f3n est\u00e1 disponible para la mayor\u00eda de los dispositivos Android e iOS. Significa que podr\u00e1 jugar no solo en su tel\u00e9fono m\u00f3vil, sino tambi\u00e9n en una tableta iPad o Android. En caso de que ninguna de las opciones te parezca satisfactoria, no te preocupes, siempre puedes usar una versi\u00f3n m\u00f3vil del sitio web en cualquier dispositivo sin importar el sistema operativo. Simplemente vaya al navegador conveniente en su dispositivo, visite la p\u00e1gina web oficial de Mr Bet Casino y disfrute del juego.<\/p>\n\n\n\n<ul><li><strong>Sistema de apoyo<\/strong><\/li><\/ul>\n\n\n\n<p>La atenci\u00f3n al cliente es necesaria para cualquier buena plataforma de juego, y los creadores de la aplicaci\u00f3n Mr Bet Casino se han asegurado de brindar el servicio tambi\u00e9n a los usuarios m\u00f3viles. Tambi\u00e9n puede usar la opci\u00f3n de un chat en vivo en la aplicaci\u00f3n, est\u00e1 disponible 24\/7. <\/p>\n\n\n<div class=\"wp-block-image\">\n<figure class=\"aligncenter size-full is-resized\"><img decoding=\"async\" loading=\"lazy\" src=\"https:\/\/mcasinobet.com\/wp-content\/uploads\/2022\/05\/Mr-Bet-App-Contact.png\" alt=\"\" class=\"wp-image-101\" width=\"437\" height=\"182\" srcset=\"https:\/\/mcasinobet.com\/wp-content\/uploads\/2022\/05\/Mr-Bet-App-Contact.png 828w, https:\/\/mcasinobet.com\/wp-content\/uploads\/2022\/05\/Mr-Bet-App-Contact-300x125.png 300w, https:\/\/mcasinobet.com\/wp-content\/uploads\/2022\/05\/Mr-Bet-App-Contact-768x320.png 768w, https:\/\/mcasinobet.com\/wp-content\/uploads\/2022\/05\/Mr-Bet-App-Contact-18x8.png 18w\" sizes=\"(max-width: 437px) 100vw, 437px\" \/><\/figure><\/div>\n\n\n<ul><li><strong>Retiros y dep\u00f3sitos<\/strong><\/li><\/ul>\n\n\n\n<p>Suponemos que ser\u00eda injusto dar a los clientes la oportunidad de jugar y hacer apuestas sin poder realizar las importantes operaciones de dinero al mismo tiempo. Afortunadamente, Mr Bet lo ha pensado todo y ofrece a los clientes recargar la cuenta y retirar las ganancias directamente en la aplicaci\u00f3n sin dificultades ni acciones adicionales. <\/p>\n\n\n\n<h2 class=\"wp-block-heading\">Descarga e instalaci\u00f3n de la aplicaci\u00f3n<\/h2>\n\n\n\n<p>Las acciones necesarias para instalar la aplicaci\u00f3n pueden variar seg\u00fan el software de su dispositivo, as\u00ed que elija la instrucci\u00f3n que funcione para usted.<\/p>\n\n\n\n<h3 class=\"wp-block-heading\">Para usuarios de Android<\/h3>\n\n\n\n<ol><li>Vaya al sitio web oficial de Mr Bet y busque un \u00edcono de Android en la parte inferior de la pantalla;<\/li><li>Haga clic en \u00e9l y luego haga clic en &quot;Descargar&quot;;<\/li><li>Confirme la acci\u00f3n en su dispositivo;<\/li><li>Abra la aplicaci\u00f3n y haga clic en el bot\u00f3n de instalaci\u00f3n;<\/li><li>\u00a1Espera a que se complete la instalaci\u00f3n y disfruta de los juegos!<\/li><\/ol>\n\n\n<div class=\"wp-block-image\">\n<figure class=\"aligncenter size-full is-resized\"><img decoding=\"async\" loading=\"lazy\" src=\"https:\/\/mcasinobet.com\/wp-content\/uploads\/2022\/05\/Mr-Bet-Android.png\" alt=\"\" class=\"wp-image-99\" width=\"553\" height=\"304\" srcset=\"https:\/\/mcasinobet.com\/wp-content\/uploads\/2022\/05\/Mr-Bet-Android.png 792w, https:\/\/mcasinobet.com\/wp-content\/uploads\/2022\/05\/Mr-Bet-Android-300x165.png 300w, https:\/\/mcasinobet.com\/wp-content\/uploads\/2022\/05\/Mr-Bet-Android-768x422.png 768w, https:\/\/mcasinobet.com\/wp-content\/uploads\/2022\/05\/Mr-Bet-Android-18x10.png 18w\" sizes=\"(max-width: 553px) 100vw, 553px\" \/><\/figure><\/div>\n\n\n<h3 class=\"wp-block-heading\">Para usuarios de iOS<\/h3>\n\n\n\n<ol><li>Abra la tienda de aplicaciones;<\/li><li>Escriba &quot;Mr Bet&quot; o &quot;Wild Adventure Twist&quot; y b\u00fasquelo;<\/li><li>Haga clic en el bot\u00f3n de descarga;<\/li><li>\u00a1Juega y gana!<\/li><\/ol>\n\n\n<div class=\"wp-block-image\">\n<figure class=\"aligncenter size-full is-resized\"><img decoding=\"async\" loading=\"lazy\" src=\"https:\/\/mcasinobet.com\/wp-content\/uploads\/2022\/05\/Mr-Bet-Ios.png\" alt=\"\" class=\"wp-image-100\" width=\"547\" height=\"292\" srcset=\"https:\/\/mcasinobet.com\/wp-content\/uploads\/2022\/05\/Mr-Bet-Ios.png 943w, https:\/\/mcasinobet.com\/wp-content\/uploads\/2022\/05\/Mr-Bet-Ios-300x161.png 300w, https:\/\/mcasinobet.com\/wp-content\/uploads\/2022\/05\/Mr-Bet-Ios-768x411.png 768w, https:\/\/mcasinobet.com\/wp-content\/uploads\/2022\/05\/Mr-Bet-Ios-18x10.png 18w\" sizes=\"(max-width: 547px) 100vw, 547px\" \/><\/figure><\/div>\n\n\n<p>Ambas formas son bastante simples y no tardan mucho en completarse la instalaci\u00f3n. Despu\u00e9s de eso, podr\u00e1 disfrutar plenamente de la incre\u00edble experiencia y formarse su propia opini\u00f3n sobre la aplicaci\u00f3n. Y aqu\u00ed un peque\u00f1o spoiler: <em>hay muchas m\u00e1s ventajas en la aplicaci\u00f3n que solo las que hemos mencionado anteriormente.<\/em> Y ahora que finalmente lo sabe, \u00a1vaya y obtenga sus ganancias con la incre\u00edble aplicaci\u00f3n Mr Bet Casino!<\/p>","protected":false},"excerpt":{"rendered":"Todo el mundo conoce estos sentimientos cuando no puedes esperar a llegar a tu casa para poder jugar algunos juegos en la computadora. Sin embargo, a veces parece demasiado dif\u00edcil e incluso inalcanzable para algunos de nosotros. Trabajo, familia, eventos sociales: la gente moderna parece estar constantemente en camino y tiene menos tiempo [\u2026]","protected":false},"author":1,"featured_media":0,"parent":0,"menu_order":0,"comment_status":"closed","ping_status":"closed","template":"","meta":{"footnotes":""},"_links":{"self":[{"href":"https:\/\/mcasinobet.com\/es\/wp-json\/wp\/v2\/pages\/95"}],"collection":[{"href":"https:\/\/mcasinobet.com\/es\/wp-json\/wp\/v2\/pages"}],"about":[{"href":"https:\/\/mcasinobet.com\/es\/wp-json\/wp\/v2\/types\/page"}],"author":[{"embeddable":true,"href":"https:\/\/mcasinobet.com\/es\/wp-json\/wp\/v2\/users\/1"}],"replies":[{"embeddable":true,"href":"https:\/\/mcasinobet.com\/es\/wp-json\/wp\/v2\/comments?post=95"}],"version-history":[{"count":4,"href":"https:\/\/mcasinobet.com\/es\/wp-json\/wp\/v2\/pages\/95\/revisions"}],"predecessor-version":[{"id":117,"href":"https:\/\/mcasinobet.com\/es\/wp-json\/wp\/v2\/pages\/95\/revisions\/117"}],"wp:attachment":[{"href":"https:\/\/mcasinobet.com\/es\/wp-json\/wp\/v2\/media?parent=95"}],"curies":[{"name":"wp","href":"https:\/\/api.w.org\/{rel}","templated":true}]}}