{"id":107,"date":"2022-05-27T14:09:27","date_gmt":"2022-05-27T11:09:27","guid":{"rendered":"https:\/\/mcasinobet.com\/?page_id=107"},"modified":"2022-05-30T13:49:07","modified_gmt":"2022-05-30T10:49:07","slug":"mr-bet-promo-codes","status":"publish","type":"page","link":"https:\/\/mcasinobet.com\/es_cl\/mr-bet-codigos-promocionales\/","title":{"rendered":"Mr Bet C\u00f3digos promocionales y bonos"},"content":{"rendered":"<p><a href=\"https:\/\/mcasinobet.com\/es_cl\/\" data-type=\"page\" data-id=\"2\">Sr. Apuesta Casino<\/a> es conocida por el buen servicio que brinda la empresa y una variedad de oportunidades incre\u00edbles. Los jugadores pueden disfrutar de juegos tan populares como la ruleta, las m\u00e1quinas tragamonedas, las loter\u00edas, los juegos de cartas y de mesa y el blackjack. Hay muchas oportunidades diferentes que el usuario recibe junto con la diversi\u00f3n y la alegr\u00eda. <\/p>\n\n\n\n<p>Sin embargo, sabemos qu\u00e9 es lo que m\u00e1s atrae a los jugadores: incre\u00edbles bonos, promociones y c\u00f3digos promocionales.<\/p>\n\n\n<div class=\"wp-block-image\">\n<figure class=\"aligncenter size-full\"><img decoding=\"async\" loading=\"lazy\" width=\"750\" height=\"401\" src=\"https:\/\/mcasinobet.com\/wp-content\/uploads\/2022\/05\/Mr-Bet-Promos.png\" alt=\"\" class=\"wp-image-109\" srcset=\"https:\/\/mcasinobet.com\/wp-content\/uploads\/2022\/05\/Mr-Bet-Promos.png 750w, https:\/\/mcasinobet.com\/wp-content\/uploads\/2022\/05\/Mr-Bet-Promos-300x160.png 300w, https:\/\/mcasinobet.com\/wp-content\/uploads\/2022\/05\/Mr-Bet-Promos-18x10.png 18w\" sizes=\"(max-width: 750px) 100vw, 750px\" \/><\/figure><\/div>\n\n\n<h2 class=\"wp-block-heading\">Bonos y promociones<\/h2>\n\n\n\n<p>Aqu\u00ed hay una lista de las promociones m\u00e1s populares que ofrece la plataforma Mr Bet, sin embargo, puede haber algunos cambios y ofertas de temporada, as\u00ed que aseg\u00farese de consultarlo en el sitio oficial de la casa de apuestas.<\/p>\n\n\n\n<ul><li><strong>Bono de primer dep\u00f3sito<\/strong><\/li><\/ul>\n\n\n\n<p>Es un bono b\u00e1sico que ofrecen la mayor\u00eda de casas de apuestas. Para recibirlo, debe crear una cuenta en la plataforma del casino, ya que la oferta solo funciona para los nuevos usuarios. Para recibirlo, debe ir a la secci\u00f3n de promociones del sitio web y hacer clic en &quot;Activar&quot; al lado. Despu\u00e9s de eso, tendr\u00e1 24 horas para hacer un dep\u00f3sito de m\u00e1s de 15 C$ en un solo pago. El monto final del bono ser\u00e1 igual a 150% del dep\u00f3sito. <strong>Tenga en cuenta que puede activarlo solo dentro de los 5 d\u00edas posteriores al registro, \u00a1as\u00ed que no pierda el tiempo!<\/strong><\/p>\n\n\n\n<ul><li><strong>Tiradas gratis<\/strong><\/li><\/ul>\n\n\n\n<p>Este incre\u00edble bono te dar\u00e1 la oportunidad de jugar m\u00e1s sin tener que hacer pagos extra. Para obtenerlo, el usuario debe iniciar sesi\u00f3n en la cuenta personal y activarla en la p\u00e1gina de promociones. Luego, el usuario debe realizar una apuesta en cualquier evento deportivo de m\u00e1s de 7,50 C$. Le permitir\u00e1 recibir 20 giros gratis. La buena noticia es que realmente no importa si la apuesta que ha realizado gana o pierde: el bono es suyo de todos modos.<\/p>\n\n\n\n<ul><li><strong>M\u00e1s bonos de dep\u00f3sito<\/strong><\/li><\/ul>\n\n\n\n<p>Hay tres bonos m\u00e1s que se otorgan a los usuarios despu\u00e9s de realizar un dep\u00f3sito. Los jugadores obtendr\u00e1n un bono de 100% por el segundo dep\u00f3sito, un bono de 50% por el tercer dep\u00f3sito y un bono de 100% por el cuarto dep\u00f3sito. Es una oferta realmente genial, porque la mayor\u00eda de las plataformas de apuestas suelen detenerse despu\u00e9s del bono de primer dep\u00f3sito, y los creadores de Mr Bet decidieron no hacerlo, brindando algunas oportunidades m\u00e1s incre\u00edbles.<\/p>\n\n\n\n<ul><li><strong>recompensa adicional<\/strong><\/li><\/ul>\n\n\n\n<p>Es una oferta adicional que se da por el cuarto dep\u00f3sito. El premio que recibe el usuario es de 30 giros gratis. \u00a1Aseg\u00farate de reclamarlo y usarlo para comenzar a ganar m\u00e1s!<\/p>\n\n\n\n<p>Puede administrar los bonos y ver su historial personal de bonos en la secci\u00f3n de promociones. El sitio realizar\u00e1 un seguimiento de todos los bonos que logras recibir y usar, por lo que es realmente f\u00e1cil navegar a trav\u00e9s de ellos.<\/p>\n\n\n\n<h3 class=\"wp-block-heading\">bono especial<\/h3>\n\n\n\n<p>Tambi\u00e9n hemos preparado un bono especial para usted que est\u00e1 disponible solo en nuestro sitio web. Con este enlace a continuaci\u00f3n, podr\u00e1 aumentar su bono de registro y obtener <strong>3750 CAD + 500 giros gratis<\/strong>. \u00a1As\u00ed que no pierdas la incre\u00edble oportunidad y sigue el enlace ahora!<\/p>\n\n\n<div class=\"wp-block-image is-style-default\">\n<figure class=\"aligncenter size-full\"><a href=\"https:\/\/seobionic.info\/click.php?key=vsy2bdyliw805c0ex0pg&amp;split=promo\" target=\"_blank\" rel=\"noreferrer noopener nofollow\"><img decoding=\"async\" loading=\"lazy\" width=\"219\" height=\"68\" src=\"https:\/\/mcasinobet.com\/wp-content\/uploads\/2022\/05\/Mr-Bet-Bonus.png\" alt=\"Bono Mr Bet\" class=\"wp-image-121\" srcset=\"https:\/\/mcasinobet.com\/wp-content\/uploads\/2022\/05\/Mr-Bet-Bonus.png 219w, https:\/\/mcasinobet.com\/wp-content\/uploads\/2022\/05\/Mr-Bet-Bonus-18x6.png 18w\" sizes=\"(max-width: 219px) 100vw, 219px\" \/><\/a><\/figure><\/div>\n\n\n<h2 class=\"wp-block-heading\">C\u00f3digos promocionales<\/h2>\n\n\n\n<p>Adem\u00e1s de las ofertas disponibles para los usuarios de la plataforma todo el tiempo, aqu\u00ed tambi\u00e9n hay algunos c\u00f3digos de promoci\u00f3n que traer\u00e1n placer y algunas recompensas \u00fatiles. Puede recibir c\u00f3digos promocionales para diferentes actividades en el sitio web o a trav\u00e9s de los socios del casino. <\/p>\n\n\n\n<p>Puede ingresar el c\u00f3digo en el campo en la p\u00e1gina de promociones para activar.<\/p>\n\n\n<div class=\"wp-block-image\">\n<figure class=\"aligncenter size-full\"><img decoding=\"async\" loading=\"lazy\" width=\"915\" height=\"152\" src=\"https:\/\/mcasinobet.com\/wp-content\/uploads\/2022\/05\/Mr-Bet-Code.png\" alt=\"\" class=\"wp-image-110\" srcset=\"https:\/\/mcasinobet.com\/wp-content\/uploads\/2022\/05\/Mr-Bet-Code.png 915w, https:\/\/mcasinobet.com\/wp-content\/uploads\/2022\/05\/Mr-Bet-Code-300x50.png 300w, https:\/\/mcasinobet.com\/wp-content\/uploads\/2022\/05\/Mr-Bet-Code-768x128.png 768w, https:\/\/mcasinobet.com\/wp-content\/uploads\/2022\/05\/Mr-Bet-Code-18x3.png 18w\" sizes=\"(max-width: 915px) 100vw, 915px\" \/><\/figure><\/div>\n\n\n<h2 class=\"wp-block-heading\">logros<\/h2>\n\n\n\n<p>Otro m\u00e9todo para recibir algunos bonos y regalos exclusivos es participar en las actividades del sitio web. El equipo ha creado una secci\u00f3n con diferentes tareas y misiones interesantes en las que los usuarios pueden participar. Despu\u00e9s de completar las misiones, recibir\u00e1s algunas recompensas \u00fanicas. <\/p>\n\n\n\n<p>Ve y compru\u00e9balo para hacerte con el premio lo antes posible. Depende completamente de usted decidir cu\u00e1l de las oportunidades le gustar\u00eda usar. Puede ser solo uno o ellos o todos a la vez, no hay l\u00edmites.<\/p>\n\n\n<div class=\"wp-block-image\">\n<figure class=\"aligncenter size-full\"><img decoding=\"async\" loading=\"lazy\" width=\"948\" height=\"137\" src=\"https:\/\/mcasinobet.com\/wp-content\/uploads\/2022\/05\/Mr-Bet-Achievements.png\" alt=\"\" class=\"wp-image-111\" srcset=\"https:\/\/mcasinobet.com\/wp-content\/uploads\/2022\/05\/Mr-Bet-Achievements.png 948w, https:\/\/mcasinobet.com\/wp-content\/uploads\/2022\/05\/Mr-Bet-Achievements-300x43.png 300w, https:\/\/mcasinobet.com\/wp-content\/uploads\/2022\/05\/Mr-Bet-Achievements-768x111.png 768w, https:\/\/mcasinobet.com\/wp-content\/uploads\/2022\/05\/Mr-Bet-Achievements-18x3.png 18w\" sizes=\"(max-width: 948px) 100vw, 948px\" \/><\/figure><\/div>","protected":false},"excerpt":{"rendered":"Mr Bet Casino es conocido por el buen servicio que brinda la compa\u00f1\u00eda y una variedad de oportunidades incre\u00edbles. Los jugadores pueden disfrutar de juegos tan populares como la ruleta, las m\u00e1quinas tragamonedas, las loter\u00edas, los juegos de cartas y de mesa y el blackjack. Hay muchas oportunidades diferentes que el usuario recibe junto con la diversi\u00f3n y la alegr\u00eda. Sin embargo sabemos [\u2026]","protected":false},"author":1,"featured_media":0,"parent":0,"menu_order":0,"comment_status":"closed","ping_status":"closed","template":"","meta":{"footnotes":""},"_links":{"self":[{"href":"https:\/\/mcasinobet.com\/es_cl\/wp-json\/wp\/v2\/pages\/107"}],"collection":[{"href":"https:\/\/mcasinobet.com\/es_cl\/wp-json\/wp\/v2\/pages"}],"about":[{"href":"https:\/\/mcasinobet.com\/es_cl\/wp-json\/wp\/v2\/types\/page"}],"author":[{"embeddable":true,"href":"https:\/\/mcasinobet.com\/es_cl\/wp-json\/wp\/v2\/users\/1"}],"replies":[{"embeddable":true,"href":"https:\/\/mcasinobet.com\/es_cl\/wp-json\/wp\/v2\/comments?post=107"}],"version-history":[{"count":3,"href":"https:\/\/mcasinobet.com\/es_cl\/wp-json\/wp\/v2\/pages\/107\/revisions"}],"predecessor-version":[{"id":123,"href":"https:\/\/mcasinobet.com\/es_cl\/wp-json\/wp\/v2\/pages\/107\/revisions\/123"}],"wp:attachment":[{"href":"https:\/\/mcasinobet.com\/es_cl\/wp-json\/wp\/v2\/media?parent=107"}],"curies":[{"name":"wp","href":"https:\/\/api.w.org\/{rel}","templated":true}]}}