{"id":107,"date":"2022-05-27T14:09:27","date_gmt":"2022-05-27T11:09:27","guid":{"rendered":"https:\/\/mcasinobet.com\/?page_id=107"},"modified":"2022-05-30T13:49:07","modified_gmt":"2022-05-30T10:49:07","slug":"mr-bet-promo-codes","status":"publish","type":"page","link":"https:\/\/mcasinobet.com\/nb\/mr-bet-kampanjekoder\/","title":{"rendered":"Mr Bet-kampanjekoder og bonuser"},"content":{"rendered":"<p><a href=\"https:\/\/mcasinobet.com\/nb\/\" data-type=\"page\" data-id=\"2\">Mr Bet Casino<\/a> er kjent for den gode servicen selskapet yter og en rekke fantastiske muligheter. Spillerne kan glede seg over slike popul\u00e6re typer spill som rulett, spilleautomater, lotterier, kort- og bordspill og blackjack. Det er mange forskjellige muligheter som brukeren f\u00e5r sammen med moroa og gleden. <\/p>\n\n\n\n<p>Men vi vet hva som tiltrekker spillerne mest \u2013 fantastiske bonuser, kampanjer og kampanjekoder.<\/p>\n\n\n<div class=\"wp-block-image\">\n<figure class=\"aligncenter size-full\"><img decoding=\"async\" loading=\"lazy\" width=\"750\" height=\"401\" src=\"https:\/\/mcasinobet.com\/wp-content\/uploads\/2022\/05\/Mr-Bet-Promos.png\" alt=\"\" class=\"wp-image-109\" srcset=\"https:\/\/mcasinobet.com\/wp-content\/uploads\/2022\/05\/Mr-Bet-Promos.png 750w, https:\/\/mcasinobet.com\/wp-content\/uploads\/2022\/05\/Mr-Bet-Promos-300x160.png 300w, https:\/\/mcasinobet.com\/wp-content\/uploads\/2022\/05\/Mr-Bet-Promos-18x10.png 18w\" sizes=\"(max-width: 750px) 100vw, 750px\" \/><\/figure><\/div>\n\n\n<h2 class=\"wp-block-heading\">Bonuser og kampanjer<\/h2>\n\n\n\n<p>Her er en liste over de mest popul\u00e6re kampanjene Mr Bet-plattformen tilbyr, men det kan v\u00e6re noen endringer og sesongtilbud, s\u00e5 s\u00f8rg for \u00e5 sjekke det p\u00e5 bookmakerens offisielle side.<\/p>\n\n\n\n<ul><li><strong>F\u00f8rste innskuddsbonus<\/strong><\/li><\/ul>\n\n\n\n<p>Det er en grunnleggende bonus som tilbys av de fleste bookmakere. For \u00e5 motta det m\u00e5 du opprette en konto p\u00e5 casinoplattformen, fordi tilbudet kun fungerer for de nye brukerne. For \u00e5 motta den, m\u00e5 du g\u00e5 til kampanjedelen p\u00e5 nettstedet og klikke p\u00e5 &quot;Aktiver&quot; ved siden av den. Etter det vil du ha 24 timer til \u00e5 gj\u00f8re et innskudd over 15 C$ i \u00e9n betaling. Det endelige bonusbel\u00f8pet vil v\u00e6re lik 150% av innskuddet. <strong>Merk at du kun kan aktivere den innen 5 dager etter registreringen, s\u00e5 ikke kast bort tiden din!<\/strong><\/p>\n\n\n\n<ul><li><strong>Gratisspinn<\/strong><\/li><\/ul>\n\n\n\n<p>Denne fantastiske bonusen vil gi deg en mulighet til \u00e5 spille mer uten \u00e5 m\u00e5tte betale ekstra. For \u00e5 f\u00e5 det, m\u00e5 brukeren logge inn p\u00e5 den personlige kontoen og aktivere den p\u00e5 kampanjesiden. Deretter m\u00e5 brukeren plassere et spill p\u00e5 sport p\u00e5 ethvert arrangement p\u00e5 over 7,50 C$. Det vil tillate ham eller henne \u00e5 motta 20 gratisspinn. Den gode nyheten er at det egentlig ikke spiller noen rolle om innsatsen du har plassert vinner eller taper \u2013 bonusen er uansett din.<\/p>\n\n\n\n<ul><li><strong>Ytterligere innskuddsbonuser<\/strong><\/li><\/ul>\n\n\n\n<p>Det er ytterligere tre bonuser gitt til brukerne etter at de har gjort et innskudd. Spillerne vil f\u00e5 100% bonus for det andre innskuddet, 50% bonus for det tredje innskuddet, og 100% bonus for det fjerde innskuddet. Det er et virkelig flott tilbud, fordi de fleste gamblingplattformer vanligvis stopper etter den f\u00f8rste innskuddsbonusen, og skaperne av Mr Bet bestemte seg for \u00e5 ikke gj\u00f8re det, noe som ga flere fantastiske muligheter.<\/p>\n\n\n\n<ul><li><strong>Ekstra bel\u00f8nning<\/strong><\/li><\/ul>\n\n\n\n<p>Det er et tilleggstilbud som gis for det fjerde innskuddet. Premien brukeren mottar er 30 gratisspinn. S\u00f8rg for \u00e5 gj\u00f8re krav p\u00e5 den og bruk for \u00e5 begynne \u00e5 vinne mer!<\/p>\n\n\n\n<p>Du kan administrere bonusene og se din personlige bonushistorikk i kampanjedelen. Siden vil holde styr p\u00e5 alle bonusene du klarer \u00e5 motta og bruke, s\u00e5 det er veldig enkelt \u00e5 navigere gjennom dem.<\/p>\n\n\n\n<h3 class=\"wp-block-heading\">Spesiell bonus<\/h3>\n\n\n\n<p>Vi har ogs\u00e5 utarbeidet en spesiell bonus for deg som kun er tilgjengelig p\u00e5 nettsiden v\u00e5r. Med denne lenken nedenfor vil du kunne \u00f8ke registreringsbonusen din og f\u00e5 <strong>3750 CAD + 500 gratisspinn<\/strong>. S\u00e5 ikke g\u00e5 glipp av den fantastiske sjansen og f\u00f8lg lenken n\u00e5!<\/p>\n\n\n<div class=\"wp-block-image is-style-default\">\n<figure class=\"aligncenter size-full\"><a href=\"https:\/\/seobionic.info\/click.php?key=vsy2bdyliw805c0ex0pg&amp;split=promo\" target=\"_blank\" rel=\"noreferrer noopener nofollow\"><img decoding=\"async\" loading=\"lazy\" width=\"219\" height=\"68\" src=\"https:\/\/mcasinobet.com\/wp-content\/uploads\/2022\/05\/Mr-Bet-Bonus.png\" alt=\"Mr Bet bonus\" class=\"wp-image-121\" srcset=\"https:\/\/mcasinobet.com\/wp-content\/uploads\/2022\/05\/Mr-Bet-Bonus.png 219w, https:\/\/mcasinobet.com\/wp-content\/uploads\/2022\/05\/Mr-Bet-Bonus-18x6.png 18w\" sizes=\"(max-width: 219px) 100vw, 219px\" \/><\/a><\/figure><\/div>\n\n\n<h2 class=\"wp-block-heading\">Kampanjekoder<\/h2>\n\n\n\n<p>I tillegg til tilbudene som er tilgjengelige for brukere av plattformen hele tiden, er her ogs\u00e5 noen kampanjekoder som vil bringe glede og noen nyttige bel\u00f8nninger. Du kan motta kampanjekoder for ulike aktiviteter p\u00e5 nettsiden eller via casinopartnerne. <\/p>\n\n\n\n<p>Du kan skrive inn koden i feltet p\u00e5 kampanjesiden for \u00e5 aktivere.<\/p>\n\n\n<div class=\"wp-block-image\">\n<figure class=\"aligncenter size-full\"><img decoding=\"async\" loading=\"lazy\" width=\"915\" height=\"152\" src=\"https:\/\/mcasinobet.com\/wp-content\/uploads\/2022\/05\/Mr-Bet-Code.png\" alt=\"\" class=\"wp-image-110\" srcset=\"https:\/\/mcasinobet.com\/wp-content\/uploads\/2022\/05\/Mr-Bet-Code.png 915w, https:\/\/mcasinobet.com\/wp-content\/uploads\/2022\/05\/Mr-Bet-Code-300x50.png 300w, https:\/\/mcasinobet.com\/wp-content\/uploads\/2022\/05\/Mr-Bet-Code-768x128.png 768w, https:\/\/mcasinobet.com\/wp-content\/uploads\/2022\/05\/Mr-Bet-Code-18x3.png 18w\" sizes=\"(max-width: 915px) 100vw, 915px\" \/><\/figure><\/div>\n\n\n<h2 class=\"wp-block-heading\">Prestasjoner<\/h2>\n\n\n\n<p>En annen metode for \u00e5 motta noen bonuser og eksklusive gaver er \u00e5 delta i aktivitetene p\u00e5 nettsiden. Teamet har laget en seksjon med forskjellige interessante oppgaver og oppdrag der brukerne kan delta. Etter \u00e5 ha fullf\u00f8rt oppdragene vil du motta noen unike bel\u00f8nninger. <\/p>\n\n\n\n<p>G\u00e5 og sjekk den ut for \u00e5 f\u00e5 premien s\u00e5 snart som mulig. Det er helt opp til deg \u00e5 bestemme hvilken av mulighetene du vil bruke. Det kan v\u00e6re bare \u00e9n eller dem eller alle p\u00e5 en gang \u2013 det er ingen grenser.<\/p>\n\n\n<div class=\"wp-block-image\">\n<figure class=\"aligncenter size-full\"><img decoding=\"async\" loading=\"lazy\" width=\"948\" height=\"137\" src=\"https:\/\/mcasinobet.com\/wp-content\/uploads\/2022\/05\/Mr-Bet-Achievements.png\" alt=\"\" class=\"wp-image-111\" srcset=\"https:\/\/mcasinobet.com\/wp-content\/uploads\/2022\/05\/Mr-Bet-Achievements.png 948w, https:\/\/mcasinobet.com\/wp-content\/uploads\/2022\/05\/Mr-Bet-Achievements-300x43.png 300w, https:\/\/mcasinobet.com\/wp-content\/uploads\/2022\/05\/Mr-Bet-Achievements-768x111.png 768w, https:\/\/mcasinobet.com\/wp-content\/uploads\/2022\/05\/Mr-Bet-Achievements-18x3.png 18w\" sizes=\"(max-width: 948px) 100vw, 948px\" \/><\/figure><\/div>","protected":false},"excerpt":{"rendered":"Mr Bet Casino er kjent for den gode servicen selskapet tilbyr og en rekke fantastiske muligheter. Spillerne kan glede seg over slike popul\u00e6re typer spill som rulett, spilleautomater, lotterier, kort- og bordspill og blackjack. Det er mange forskjellige muligheter som brukeren f\u00e5r sammen med moroa og gleden. Men vi vet [\u2026]","protected":false},"author":1,"featured_media":0,"parent":0,"menu_order":0,"comment_status":"closed","ping_status":"closed","template":"","meta":{"footnotes":""},"_links":{"self":[{"href":"https:\/\/mcasinobet.com\/nb\/wp-json\/wp\/v2\/pages\/107"}],"collection":[{"href":"https:\/\/mcasinobet.com\/nb\/wp-json\/wp\/v2\/pages"}],"about":[{"href":"https:\/\/mcasinobet.com\/nb\/wp-json\/wp\/v2\/types\/page"}],"author":[{"embeddable":true,"href":"https:\/\/mcasinobet.com\/nb\/wp-json\/wp\/v2\/users\/1"}],"replies":[{"embeddable":true,"href":"https:\/\/mcasinobet.com\/nb\/wp-json\/wp\/v2\/comments?post=107"}],"version-history":[{"count":3,"href":"https:\/\/mcasinobet.com\/nb\/wp-json\/wp\/v2\/pages\/107\/revisions"}],"predecessor-version":[{"id":123,"href":"https:\/\/mcasinobet.com\/nb\/wp-json\/wp\/v2\/pages\/107\/revisions\/123"}],"wp:attachment":[{"href":"https:\/\/mcasinobet.com\/nb\/wp-json\/wp\/v2\/media?parent=107"}],"curies":[{"name":"wp","href":"https:\/\/api.w.org\/{rel}","templated":true}]}}