{"id":2,"date":"2022-04-19T15:49:47","date_gmt":"2022-04-19T12:49:47","guid":{"rendered":"https:\/\/mcasinobet.com\/?page_id=2"},"modified":"2022-05-27T17:35:18","modified_gmt":"2022-05-27T14:35:18","slug":"sample-page","status":"publish","type":"page","link":"https:\/\/mcasinobet.com\/nb\/","title":{"rendered":"Mr Bet Casino fordeler"},"content":{"rendered":"<p>Det lisensierte nettkasinoet Mr Bet er et trygt sted med de beste spillunderholdningsalternativene. Enhver spiller leter sannsynligvis etter en s\u00e5 fantastisk gamblingplattform, og Mr Bet svarer uten tvil p\u00e5 alle behovene. Les v\u00e5r \u00e6rlige Mr Bet casino anmeldelse for \u00e5 l\u00e6re mer. <\/p>\n\n\n\n<p>Mr Bet er et lisensiert nettcasino som har v\u00e6rt i virksomhet siden 2018. I over 2 \u00e5r fortsetter det \u00e5 v\u00e6re popul\u00e6rt blant spillere. <strong>Mr Bet online casino gir sine spillere tilgang til mange lisensierte spilleautomater. <\/strong>Du kan imidlertid spille spill p\u00e5 de mindre popul\u00e6re underholdningene, fordi de ogs\u00e5 er av sv\u00e6rt h\u00f8y kvalitet. <\/p>\n\n\n\n<p>Enkle utbetalinger, flotte bonuser og ekspertbrukerst\u00f8tte tiltrekker spillere fra hele verden.<\/p>\n\n\n\n<p><h2>Offisiell side til Casino MrBet<\/h2><\/p>\n\n\n\n<p>Den offisielle nettsiden til spilleklubben f\u00f8lger alle moderne internettrender. Dens fine design med bruk av tiltalende toner irriterer ikke spillerens \u00f8yne. Siden har ogs\u00e5 en bed\u00e5rende maskot i dress og med bart som symboliserer Mr Bet selv. Han er alltid her for \u00e5 tilby spillerne noen morsomme og spennende spill, fantastiske bonuser og verdifull st\u00f8tte. Mr Bet er vert for nettstedet som vil vise deg rundt og bringe glede. <\/p>\n\n\n<div class=\"wp-block-image\">\n<figure class=\"aligncenter size-large\"><img decoding=\"async\" loading=\"lazy\" width=\"1024\" height=\"468\" src=\"https:\/\/mcasinobet.com\/wp-content\/uploads\/2022\/04\/mr-bet-site-1024x468.png\" alt=\"MrBet hovedside\" class=\"wp-image-10\" srcset=\"https:\/\/mcasinobet.com\/wp-content\/uploads\/2022\/04\/mr-bet-site-1024x468.png 1024w, https:\/\/mcasinobet.com\/wp-content\/uploads\/2022\/04\/mr-bet-site-300x137.png 300w, https:\/\/mcasinobet.com\/wp-content\/uploads\/2022\/04\/mr-bet-site-768x351.png 768w, https:\/\/mcasinobet.com\/wp-content\/uploads\/2022\/04\/mr-bet-site-1536x703.png 1536w, https:\/\/mcasinobet.com\/wp-content\/uploads\/2022\/04\/mr-bet-site.png 1893w\" sizes=\"(max-width: 1024px) 100vw, 1024px\" \/><figcaption>Startsiden til den offisielle siden Mr Bet Casino<\/figcaption><\/figure><\/div>\n\n\n<p>Det praktiske og enkle grensesnittet lar deg enkelt finne en spilleautomat eller et spill du trenger eller velge spilleautomater med jackpot.<\/p>\n\n\n\n<p>Den virtuelle klubben jobber under Cura\u00e7ao-lisensen. Eksistensen av en slik lisens beviser rettferdigheten til RNG (tilfeldig tallgenerator), rettidige pengebetalinger og plattformens samsvar med alle krav fra regulatoriske organisasjoner.<\/p>\n\n\n\n<p>P\u00e5 venstre sidefelt kan spillerne se en meny med kasino, sportsbetting p\u00e5 enhver kamp, kampanjer og kampen om spinn. Under menyen er det alltid oppdatert informasjon om gjeldende turneringer eller lotterier og en nedtelling til slutten.<\/p>\n\n\n\n<h2 class=\"wp-block-heading\">Hvordan registrerer du deg p\u00e5 MrBet Casino-siden?<\/h2>\n\n\n\n<p>Hvis du \u00f8nsker \u00e5 starte et online kasinospill, m\u00e5 du opprette en konto. Det er viktig av flere hovedgrunner. F\u00f8rst og fremst er det n\u00f8dvendig \u00e5 gi den beste sikkerheten, og gj\u00f8re casinoet til et trygt sted. N\u00e5r du oppretter en konto og verifiserer dataene dine, blir du beskyttet av nettsidelovgivningen, og kan s\u00f8ke om hjelp n\u00e5r som helst. Personopplysningene du vil bli bedt om \u00e5 legge inn under registreringen er sikkert kryptert av nettstedets system, s\u00e5 du kan ikke bekymre deg for det. <\/p>\n\n\n\n<p>For det andre lar registreringen deg motta og bruke noen spesielle bonuser og kampanjer p\u00e5 plattformen, s\u00e5 vi anbefaler \u00e5 fange muligheten og opprette en konto. <\/p>\n\n\n\n<p>Hos MrBet kan du enkelt registrere deg eller logge inn p\u00e5 en nettkasinokonto: Det tar mindre enn 1 minutt!<\/p>\n\n\n<div class=\"wp-block-image\">\n<figure class=\"aligncenter is-resized\"><img decoding=\"async\" loading=\"lazy\" src=\"https:\/\/mcasinobet.com\/wp-content\/uploads\/2022\/04\/mr-bet-registration.png\" alt=\"Registreringsvindu\" width=\"410\" height=\"408\"\/><figcaption>Registreringsvindu<\/figcaption><\/figure><\/div>\n\n\n<p>Registreringsprosessen p\u00e5 nettstedet er ganske enkel, og kan fullf\u00f8res i flere trinn:<\/p>\n\n\n\n<ol><li>\u00c5pne nettstedet i nettleseren din<\/li><li>Trykk &quot;Registrer deg&quot;, og du vil automatisk bli omdirigert til registreringssiden;<\/li><li>Skriv inn n\u00f8dvendige data (e-post, passord, brukernavn osv.);<\/li><li>Skriv inn Mr Bet-brukerkoden, i tilfelle du allerede har en.<\/li><\/ol>\n\n\n\n<p>Disse handlingene vil hjelpe deg med \u00e5 fullf\u00f8re registreringen. Etter det trenger du bare \u00e5 aktivere den via en spesiell lenke og fullf\u00f8re profilen din. Un\u00f8dvendig \u00e5 nevne at vi foresl\u00e5r at du gj\u00f8r datasjekken f\u00f8r du gj\u00f8r ditt f\u00f8rste pengeuttak. Denne handlingen vil hjelpe deg med \u00e5 utelukke muligheten for at problemer dukker opp under prosessen. <\/p>\n\n\n\n<p>I tillegg vil vi p\u00e5peke at du kan opprette en konto p\u00e5 b\u00e5de mobil- og desktopversjoner av MrBets offisielle side. Du kan lese mer om mobilversjonen av plattformen <a href=\"https:\/\/mcasinobet.com\/nb\/mr-bet-casino-app\/\" data-type=\"page\" data-id=\"95\">i den andre artikkelen<\/a>.<\/p>\n\n\n\n<div class=\"wp-block-columns is-layout-flex wp-container-3 wp-block-columns-is-layout-flex\">\n<div class=\"wp-block-column is-layout-flow wp-block-column-is-layout-flow\" style=\"flex-basis:50%\">\n<p>Etter at profilen er opprettet, kan du alltid logge inn p\u00e5 Mr Bet Casino og begynne \u00e5 spille. Det spiller ingen rolle hvilken enhet du brukte under registreringen, PC, nettbrett eller en smarttelefon, du kan ogs\u00e5 logge p\u00e5 med hvilken som helst av dingsene. <\/p>\n\n\n\n<p>Siden vil ogs\u00e5 hjelpe deg hvis du har glemt passordet, og du kan raskt gjenopprette det ved \u00e5 oppgi e-postadressen du brukte til \u00e5 opprette kontoen din.<\/p>\n<\/div>\n\n\n\n<div class=\"wp-block-column is-layout-flow wp-block-column-is-layout-flow\" style=\"flex-basis:50%\"><div class=\"wp-block-image\">\n<figure class=\"aligncenter size-full\"><img decoding=\"async\" loading=\"lazy\" width=\"330\" height=\"381\" src=\"https:\/\/mcasinobet.com\/wp-content\/uploads\/2022\/05\/\u0421\u043d\u0438\u043c\u043e\u043a-\u044d\u043a\u0440\u0430\u043d\u0430-2022-05-25-\u0432-15.31.37.png\" alt=\"\" class=\"wp-image-74\" srcset=\"https:\/\/mcasinobet.com\/wp-content\/uploads\/2022\/05\/\u0421\u043d\u0438\u043c\u043e\u043a-\u044d\u043a\u0440\u0430\u043d\u0430-2022-05-25-\u0432-15.31.37.png 330w, https:\/\/mcasinobet.com\/wp-content\/uploads\/2022\/05\/\u0421\u043d\u0438\u043c\u043e\u043a-\u044d\u043a\u0440\u0430\u043d\u0430-2022-05-25-\u0432-15.31.37-260x300.png 260w, https:\/\/mcasinobet.com\/wp-content\/uploads\/2022\/05\/\u0421\u043d\u0438\u043c\u043e\u043a-\u044d\u043a\u0440\u0430\u043d\u0430-2022-05-25-\u0432-15.31.37-10x12.png 10w\" sizes=\"(max-width: 330px) 100vw, 330px\" \/><figcaption>Logg inn vindu<\/figcaption><\/figure><\/div><\/div>\n<\/div>\n\n\n\n<h3 class=\"wp-block-heading\">Viktig informasjon for nye spillere<\/h3>\n\n\n\n<p>Selv de enkleste registreringene kan inneholde noen fallgruver. Det er flere hovedpunkter som er lett \u00e5 overse. P\u00e5 grunn av det er noen spillere ikke i stand til \u00e5 best\u00e5 verifiseringen eller ta ut pengene de har vunnet i spillet. S\u00e5 hva trenger du \u00e5 vite for \u00e5 beskytte deg mot slike feil?<\/p>\n\n\n\n<ol><li>Bruk kun dine ekte personlige data for \u00e5 registrere deg og foreta betalinger, dette vil tillate deg \u00e5 spille og ta ut pengene p\u00e5 nettstedet uten problemer.<\/li><li>Du b\u00f8r heller ikke opprette mer enn bare \u00e9n konto. Det er en av reglene her, og det eksisterer p\u00e5 grunn av sikkerhetsmessige \u00e5rsaker. <\/li><li>F\u00f8r du sender inn dine personopplysninger, se gjennom dem en gang til for \u00e5 forsikre deg om at det ikke er noen feil i dem.<\/li><li>Ikke gi andre tilgang til kontoen din og ikke logg inn p\u00e5 andre spilleres kontoer. Hvis nettstedmoderatorene vil legge merke til noe mistenkelig ang\u00e5ende databruken, m\u00e5 de gj\u00f8re noe med det. <\/li><\/ol>\n\n\n\n<p>Disse tipsene vil hjelpe deg med \u00e5 redusere risikoen og beskytte alle dine kontanter. <strong>F\u00f8lg dem og du vil raskt bli verifisert hos Mr Bet Casino og vil enkelt kunne ta ut gevinstene dine.<\/strong><\/p>\n\n\n\n<h2 class=\"wp-block-heading\">Hvilke bonuser og muligheter MrBet tilbyr<\/h2>\n\n\n\n<p>Nesten alle nyter gavene og spesialbonusene. Det er derfor casinoskaperne har utviklet et av de mest sjener\u00f8se utvalget av kampanjer for de nye spillerne. Den enorme velkomstbonuspakken vil hjelpe enhver ny gambler til \u00e5 glede seg over spilling i lang tid og \u00f8ke sjansene for \u00e5 f\u00e5 en stor jackpot.<\/p>\n\n\n\n<p>Hvilke bonuser kan spillerne forvente \u00e5 vinne?<\/p>\n\n\n\n<ol><li>Velkomstbonus: 400% bonus for de fire f\u00f8rste innskuddene<\/li><li>Cashback: returnerer til brukeren 5% av pengene brukt<\/li><li>Bonus fra MrBet og Pragmatic Play<\/li><li>Everyday Drops&amp;Wins fra PragmaticPlay<\/li><\/ol>\n\n\n<div class=\"wp-block-image\">\n<figure class=\"aligncenter\"><img decoding=\"async\" src=\"https:\/\/mcasinobet.com\/wp-content\/uploads\/2022\/04\/mr-bet-bonuses.png\" alt=\"Alle MrBet Casino bonuser\"\/><figcaption>Alle Mr Bet-bonuser<\/figcaption><\/figure><\/div>\n\n\n<p>Ikke glem \u00e5 sjekke ut kampanjene og turneringene som tilbys av leverand\u00f8rene. <strong>Mr Bet Casino er den offisielle partneren til spillutviklerne, s\u00e5 alle deres spillere f\u00e5r delta i turneringer og lotterier med spesielt store premiepakker.<\/strong><\/p>\n\n\n\n<h3 class=\"wp-block-heading\">Hvordan finne en kupongkode og f\u00e5 en unik gave?<\/h3>\n\n\n\n<p>Du trenger bare \u00e5 f\u00f8lge de to enkle trinnene:<\/p>\n\n\n\n<ol><li>Abonner p\u00e5 MrBet Casinos nyhetsbrev \u2013 f\u00e5 bonuser, kampanjekoder og kunngj\u00f8ringer om sjeldne hendelser levert rett til e-postadressen din.<\/li><li>Hold oversikt over kampanjene p\u00e5 partner- og leverand\u00f8rnettsteder. Informasjonen om ulike turneringer og spesialkampanjer legges jevnlig ut der.<\/li><li>I tilfelle du fortsatt ikke har opprettet en konto p\u00e5 bookmakernettstedet, foresl\u00e5r vi at du gj\u00f8r det n\u00e5, fordi bonusene er tilgjengelige for de registrerte spillerne. Det er en enkel prosedyre som ikke krever mye av din tid og krefter, og mulighetene du vil f\u00e5 etterp\u00e5 er absolutt verdt det.<\/li><\/ol>\n\n\n\n<h2 class=\"wp-block-heading\">Spilleautomater p\u00e5 Online Mr Bet Casino \u2013 anmeldelse<\/h2>\n\n\n\n<p>Spilleklubben samarbeider med ulike programvareutviklere. Som et resultat kan brukere nyte \u00e5 spille de mest spennende spilleautomatene, kjente klassiske spilleautomater eller til og med nye eksklusive utgivelser. Samtidig er underholdningen som tilbys p\u00e5 nettsiden alltid oppdatert.<\/p>\n\n\n\n<p>Det er mange kjente spillleverand\u00f8rer p\u00e5 nettstedet, blant dem kan vi peke p\u00e5 f\u00f8lgende utvalg:<\/p>\n\n\n\n<ol><li>Pragmatisk spill<\/li><li>NetEnt<\/li><li>Habanero<\/li><li>Play`n`Go<\/li><li>Playtech<\/li><li>Microgaming osv.<\/li><\/ol>\n\n\n\n<p>Selskapene er profesjonelle n\u00e5r det kommer til spillutvikling, og tilbyr brukerne et fantastisk produkt som lar dem vinne. Hvis du har drevet med gambling en god stund, har du sannsynligvis spilt i spillene som er laget av selskapene. Bookmakeren valgte n\u00f8ye leverand\u00f8rene fra en rekke andre, fordi den er interessert i \u00e5 gj\u00f8re plattformen til et flott sted som bringer glede til alle som bes\u00f8ker den.<\/p>\n\n\n<div class=\"wp-block-image\">\n<figure class=\"aligncenter\"><img decoding=\"async\" src=\"https:\/\/mcasinobet.com\/wp-content\/uploads\/2022\/04\/mr-bet-games.png\" alt=\"Mr Bets kasinospillleverand\u00f8rer\"\/><figcaption>Mr Bet spillleverand\u00f8rer<\/figcaption><\/figure><\/div>\n\n\n<p>I tillegg til de mange leverand\u00f8rene, kan spillere ogs\u00e5 velge fra spilleautomatkategoriene som presenteres i katalogen. Skuespillene er virkelig fengslende, s\u00e5 det er et must n\u00e5r du bes\u00f8ker siden.<\/p>\n\n\n<div class=\"wp-block-image\">\n<figure class=\"aligncenter\"><img decoding=\"async\" src=\"https:\/\/mcasinobet.com\/wp-content\/uploads\/2022\/04\/mr-bet-new-games.png\" alt=\"Spillkatalog\"\/><figcaption>Spillkatalog<\/figcaption><\/figure><\/div>\n\n\n<h3 class=\"wp-block-heading\">Topp spill<\/h3>\n\n\n\n<p>Den separate katalogen inneholder de beste spillene i henhold til spillernes mening. Det inkluderer de gode gamle spilleautomatene som alle elsker, s\u00e5 vel som de historiedrevne spillene. For eksempel Book of Dead spilleautomat, Wolf Gold spilleautomat og Legacy of Dead spilleautomat.<\/p>\n\n\n<div class=\"wp-block-image\">\n<figure class=\"aligncenter\"><img decoding=\"async\" src=\"https:\/\/mcasinobet.com\/wp-content\/uploads\/2022\/04\/mr-bet-top-games.png\" alt=\"Mr Bet online kasinospill anmeldelse\"\/><figcaption>Topp spillkatalog<\/figcaption><\/figure><\/div>\n\n\n<p>&nbsp;Alle de mest popul\u00e6re spillene svarer til en liste over uoffisielle krav som er interessante, spennende og har flott spilling og design. Nettkasinobrukerne velger disse spillene og fortsetter \u00e5 spille i dem p\u00e5 grunn av de nevnte funksjonene. S\u00e5 du har alle grunner til \u00e5 stole p\u00e5 meningen til Mr Bet mest aktive spillere.<\/p>\n\n\n\n<h3 class=\"wp-block-heading\">Nye spill<\/h3>\n\n\n\n<p>Bookmakeren pr\u00f8ver \u00e5 holde katalogen over spillene oppdatert, og legger til utgivelsene til leverand\u00f8rene. Spillere kan finne de nyeste spilleautomatene i katalogen.<\/p>\n\n\n<div class=\"wp-block-image\">\n<figure class=\"aligncenter\"><img decoding=\"async\" src=\"https:\/\/mcasinobet.com\/wp-content\/uploads\/2022\/04\/mr-bet-new-games.png\" alt=\"Ny spillkatalog\"\/><figcaption>Ny spillkatalog<\/figcaption><\/figure><\/div>\n\n\n<h3 class=\"wp-block-heading\">Live Casino<\/h3>\n\n\n\n<p>En annen likt av spillerkategorien er Mr Bet Live Casino, som gir brukerne en sjanse til \u00e5 dykke inn i live dealer-gambling og oppleve en storm av spenning. Blant bordspillene i denne kategorien kan du enkelt finne den velkjente ruletten, blackjack, baccarat og mer. De profesjonelle forhandlerne vil gjerne spille med deg n\u00e5r som helst, bare bes\u00f8k seksjonen og velg et av de tilgjengelige rommene.<\/p>\n\n\n<div class=\"wp-block-image\">\n<figure class=\"aligncenter\"><img decoding=\"async\" src=\"https:\/\/mcasinobet.com\/wp-content\/uploads\/2022\/04\/mr-bet-live-casino.png\" alt=\"Live Casino katalog\"\/><figcaption>Live Casino katalog<\/figcaption><\/figure><\/div>\n\n\n<p>Alle live dealerne er virkelig erfarne i feltet, og kan enkelt lage hva som helst spennende. Det spiller ingen rolle om det er et kortspill, spinnrulett eller noe eksklusiv Mr Bet-underholdning, spillet vil garantert v\u00e6re bra.<\/p>\n\n\n\n<h2 class=\"wp-block-heading\">Mr Bet-pengeoperasjoner<\/h2>\n\n\n\n<p>Ved \u00e5 bes\u00f8ke forskjellige nettkasinoer m\u00e5 spillere forholde seg til forskjellige funksjoner og forhold. De mest brukervennlige sidene vil alltid fungere i samsvar med loven og tilby hver eneste bruker fair play. Slike nettsteder vil tillate deg \u00e5 beholde gevinstene dine p\u00e5 kontoen og gj\u00f8re uttaket ditt veldig enkelt.<\/p>\n\n\n\n<blockquote class=\"wp-block-quote\"><p>Mr Bet er en av de udiskutable lederne p\u00e5 det internasjonale markedet for online gamblingunderholdning. Noe av grunnen til det enorme popularitetsniv\u00e5et er en sofistikert kvalitetstjeneste som brukes av spillere og gamblingfans fra hele verden.<\/p><\/blockquote>\n\n\n\n<p>F\u00f8r du velger den mest praktiske Mr Bet-betalingsmetoden og foretar den f\u00f8rste betalingen, m\u00e5 du oppgi bekreftelsesdetaljene. Pass p\u00e5 at du oppgir dine reelle data under registreringen og ikke gj\u00f8r noen feil. Det er veldig viktig, fordi det hjelper \u00e5 forsikre deg om at du er en ekte person og forhindrer bruk av svindelmekanismer, og beskytter derfor brukerdataene og selve nettstedet.<\/p>\n\n\n\n<p>En annen avgj\u00f8rende regel som alle spillere snakker om er \u00e5 velge kun betalingsmetodene (f.eks. kort) som den offisielle siden tilbyr deg. I dette tilfellet vil ikke selskapets sikkerhets- eller \u00f8konomiavdeling ha noen un\u00f8dvendig mistanke. Du kan bruke f\u00f8lgende metoder for \u00e5 gj\u00f8re et innskudd eller uttak:<\/p>\n\n\n\n<ol><li>Kredittkort og bankkort;<\/li><li>Elektroniske lommeb\u00f8ker og betalingstjenester;<\/li><li>Kredittoverf\u00f8ringer;<\/li><li>Forh\u00e5ndsbetalte kort.<\/li><\/ol>\n\n\n<div class=\"wp-block-image\">\n<figure class=\"aligncenter\"><img decoding=\"async\" src=\"https:\/\/mcasinobet.com\/wp-content\/uploads\/2022\/04\/mr-bet-payments.png\" alt=\"Mr Bet Casino gjennomgang av uttaksmetoder\"\/><figcaption>Tilgjengelige betalingsm\u00e5ter<\/figcaption><\/figure><\/div>\n\n\n<p>Siden samarbeider med leverand\u00f8rer som VISA, Mastercard, Neosurf, Paysafe, Ethereum, Bitcoin og noen flere. <\/p>\n\n\n\n<p>Husk at innskudds- og uttaksgebyrer hos MrBet bestemmes av betalingssystemet. Mesteparten av tiden er det ingen kostnad, men s\u00f8rg for \u00e5 sjekke vilk\u00e5rene f\u00f8r du s\u00f8ker om en pengeoperasjon. <\/p>\n\n\n\n<p>Det er ogs\u00e5 et minimum antall p\u00e5fyll og uttak brukeren kan gj\u00f8re p\u00e5 siden. Summen er ogs\u00e5 forskjellig for hver betalingsmetode. <\/p>\n\n\n\n<p>Tiden det tar for en operasjon \u00e5 fullf\u00f8re kan variere avhengig av alternativet du velger, pengebel\u00f8pet og noen andre faktorer. S\u00e5 v\u00e6r t\u00e5lmodig med det og ikke f\u00e5 panikk. \u00d8konomiavdelingen m\u00e5 sjekke alt n\u00f8ye. De fleste sakene tar opptil 72 timer maksimalt (vanligvis er det ganske raskt og kan til og med kj\u00f8res umiddelbart.) I tilfelle du st\u00e5r overfor noen problemer eller har sp\u00f8rsm\u00e5l, ikke v\u00e6r sjenert for \u00e5 kontakte nettstedets kundest\u00f8tte.<\/p>\n\n\n\n<h2 class=\"wp-block-heading\">Kundeservice<\/h2>\n\n\n\n<p><em>Mr Bet casino har ogs\u00e5 en fantastisk st\u00f8ttetjeneste som er en ren forn\u00f8yelse \u00e5 jobbe med.<\/em> Supportteamarbeiderne er alltid klare til \u00e5 svare p\u00e5 sp\u00f8rsm\u00e5l eller forslag du har. Den fungerer 24\/7, noe som er en veldig praktisk funksjon, fordi vi alle vet hvor morsomt det faktisk er \u00e5 spille om natten. <\/p>\n\n\n\n<p>For \u00e5 snakke med kundest\u00f8tten, klikk p\u00e5 ikonet nederst til venstre i menyen. Det vil automatisk \u00e5pne et hjelpevindu. Du kan dra vinduet til et hvilket som helst sted p\u00e5 skjermen, noe som gj\u00f8r det praktisk for deg og ikke forstyrrer noe.<\/p>\n\n\n<div class=\"wp-block-image\">\n<figure class=\"aligncenter size-full\"><img decoding=\"async\" loading=\"lazy\" width=\"127\" height=\"41\" src=\"https:\/\/mcasinobet.com\/wp-content\/uploads\/2022\/05\/Mr-Bet-Support-Icon.png\" alt=\"\" class=\"wp-image-70\" srcset=\"https:\/\/mcasinobet.com\/wp-content\/uploads\/2022\/05\/Mr-Bet-Support-Icon.png 127w, https:\/\/mcasinobet.com\/wp-content\/uploads\/2022\/05\/Mr-Bet-Support-Icon-18x6.png 18w\" sizes=\"(max-width: 127px) 100vw, 127px\" \/><figcaption>Kundest\u00f8tteikon<\/figcaption><\/figure><\/div>\n\n\n<p>I hjelpevinduet vil brukeren bli tilbudt en liten del med de mest popul\u00e6re sp\u00f8rsm\u00e5lene og svarene p\u00e5 dem. Du kan se gjennom sp\u00f8rsm\u00e5lene og klikke p\u00e5 det som ser ut til \u00e5 omhandle problemet ditt.<\/p>\n\n\n<div class=\"wp-block-image\">\n<figure class=\"aligncenter size-full\"><img decoding=\"async\" loading=\"lazy\" width=\"279\" height=\"455\" src=\"https:\/\/mcasinobet.com\/wp-content\/uploads\/2022\/05\/Mr-Bet-Support.png\" alt=\"\" class=\"wp-image-72\" srcset=\"https:\/\/mcasinobet.com\/wp-content\/uploads\/2022\/05\/Mr-Bet-Support.png 279w, https:\/\/mcasinobet.com\/wp-content\/uploads\/2022\/05\/Mr-Bet-Support-184x300.png 184w, https:\/\/mcasinobet.com\/wp-content\/uploads\/2022\/05\/Mr-Bet-Support-7x12.png 7w\" sizes=\"(max-width: 279px) 100vw, 279px\" \/><\/figure><\/div>\n\n\n<p>I tilfelle ingen av de tilbudte emnene er relatert til problemet ditt eller rett og slett ikke kan l\u00f8se det, kan du bla litt ned og klikke p\u00e5 knappen som sier &quot;G\u00e5 til livechat.&quot;<\/p>\n\n\n<div class=\"wp-block-image\">\n<figure class=\"aligncenter size-full\"><img decoding=\"async\" loading=\"lazy\" width=\"276\" height=\"306\" src=\"https:\/\/mcasinobet.com\/wp-content\/uploads\/2022\/05\/Mr-Bet-Help-1.png\" alt=\"\" class=\"wp-image-73\" srcset=\"https:\/\/mcasinobet.com\/wp-content\/uploads\/2022\/05\/Mr-Bet-Help-1.png 276w, https:\/\/mcasinobet.com\/wp-content\/uploads\/2022\/05\/Mr-Bet-Help-1-271x300.png 271w, https:\/\/mcasinobet.com\/wp-content\/uploads\/2022\/05\/Mr-Bet-Help-1-11x12.png 11w\" sizes=\"(max-width: 276px) 100vw, 276px\" \/><\/figure><\/div>\n\n\n<p>Livechatten fungerer 24\/7 og er veldig enkel \u00e5 bruke. For \u00e5 sende foresp\u00f8rselen din m\u00e5 du skrive inn navnet ditt, velge emnet relatert til problemet ditt (det vil hjelpe \u00e5 utnevne den beste spesialisten som kan l\u00f8se problemet ditt, og gj\u00f8re prosessen raskere), og skriv inn den detaljerte informasjonen som beskriver alt . Chat-operat\u00f8ren svarer deg s\u00e5 raskt som mulig og hjelper deg med \u00e5 ordne opp i alt.<\/p>\n\n\n\n<p>FAQ-delen er akkurat som selve nettsiden tilgjengelig p\u00e5 forskjellige spr\u00e5k avhengig av hva du foretrekker. Den kanadiske versjonen tilbys p\u00e5 fransk, men hvis den ikke virker bra for deg, kan du velge en klassisk engelsk versjon. Spr\u00e5ket kan byttes etter \u00e5 ha klikket p\u00e5 et flaggikon ved siden av st\u00f8tteknappen. <\/p>","protected":false},"excerpt":{"rendered":"Det lisensierte nettkasinoet Mr Bet er et trygt sted med de beste spillunderholdningsalternativene. Enhver spiller leter sannsynligvis etter en s\u00e5 fantastisk gamblingplattform, og Mr Bet svarer uten tvil p\u00e5 alle behovene. Les v\u00e5r \u00e6rlige Mr Bet casino anmeldelse for \u00e5 l\u00e6re mer. Mr Bet er et lisensiert nettkasino som [\u2026]","protected":false},"author":1,"featured_media":0,"parent":0,"menu_order":0,"comment_status":"closed","ping_status":"open","template":"templates\/main.php","meta":{"footnotes":""},"_links":{"self":[{"href":"https:\/\/mcasinobet.com\/nb\/wp-json\/wp\/v2\/pages\/2"}],"collection":[{"href":"https:\/\/mcasinobet.com\/nb\/wp-json\/wp\/v2\/pages"}],"about":[{"href":"https:\/\/mcasinobet.com\/nb\/wp-json\/wp\/v2\/types\/page"}],"author":[{"embeddable":true,"href":"https:\/\/mcasinobet.com\/nb\/wp-json\/wp\/v2\/users\/1"}],"replies":[{"embeddable":true,"href":"https:\/\/mcasinobet.com\/nb\/wp-json\/wp\/v2\/comments?post=2"}],"version-history":[{"count":28,"href":"https:\/\/mcasinobet.com\/nb\/wp-json\/wp\/v2\/pages\/2\/revisions"}],"predecessor-version":[{"id":120,"href":"https:\/\/mcasinobet.com\/nb\/wp-json\/wp\/v2\/pages\/2\/revisions\/120"}],"wp:attachment":[{"href":"https:\/\/mcasinobet.com\/nb\/wp-json\/wp\/v2\/media?parent=2"}],"curies":[{"name":"wp","href":"https:\/\/api.w.org\/{rel}","templated":true}]}}