{"id":107,"date":"2022-05-27T14:09:27","date_gmt":"2022-05-27T11:09:27","guid":{"rendered":"https:\/\/mcasinobet.com\/?page_id=107"},"modified":"2022-05-30T13:49:07","modified_gmt":"2022-05-30T10:49:07","slug":"mr-bet-promo-codes","status":"publish","type":"page","link":"https:\/\/mcasinobet.com\/pl\/mr-bet-promo-kody\/","title":{"rendered":"Kody promocyjne i bonusy Mr Bet"},"content":{"rendered":"<p><a href=\"https:\/\/mcasinobet.com\/pl\/\" data-type=\"page\" data-id=\"2\">Kasyno Mr Bet<\/a> jest znana z dobrej obs\u0142ugi, jak\u0105 zapewnia firma i wielu niesamowitych mo\u017cliwo\u015bci. Gracze mog\u0105 cieszy\u0107 si\u0119 tak popularnymi rodzajami gier, jak ruletki, automaty, loterie, gry karciane i sto\u0142owe oraz blackjack. Istnieje wiele r\u00f3\u017cnych mo\u017cliwo\u015bci, kt\u00f3re u\u017cytkownik otrzymuje wraz z zabaw\u0105 i rado\u015bci\u0105. <\/p>\n\n\n\n<p>Wiemy jednak, co najbardziej przyci\u0105ga graczy \u2013 niesamowite bonusy, promocje i kody promocyjne.<\/p>\n\n\n<div class=\"wp-block-image\">\n<figure class=\"aligncenter size-full\"><img decoding=\"async\" loading=\"lazy\" width=\"750\" height=\"401\" src=\"https:\/\/mcasinobet.com\/wp-content\/uploads\/2022\/05\/Mr-Bet-Promos.png\" alt=\"\" class=\"wp-image-109\" srcset=\"https:\/\/mcasinobet.com\/wp-content\/uploads\/2022\/05\/Mr-Bet-Promos.png 750w, https:\/\/mcasinobet.com\/wp-content\/uploads\/2022\/05\/Mr-Bet-Promos-300x160.png 300w, https:\/\/mcasinobet.com\/wp-content\/uploads\/2022\/05\/Mr-Bet-Promos-18x10.png 18w\" sizes=\"(max-width: 750px) 100vw, 750px\" \/><\/figure><\/div>\n\n\n<h2 class=\"wp-block-heading\">Bonusy i promocje<\/h2>\n\n\n\n<p>Oto lista najpopularniejszych promocji oferowanych przez platform\u0119 Mr Bet, jednak mog\u0105 wyst\u0105pi\u0107 pewne zmiany i oferty sezonowe, wi\u0119c koniecznie sprawd\u017a to na oficjalnej stronie bukmachera.<\/p>\n\n\n\n<ul><li><strong>Bonus od pierwszego depozytu<\/strong><\/li><\/ul>\n\n\n\n<p>Jest to podstawowy bonus oferowany przez wi\u0119kszo\u015b\u0107 bukmacher\u00f3w. Aby go otrzyma\u0107, musisz za\u0142o\u017cy\u0107 konto na platformie kasyna, poniewa\u017c oferta dzia\u0142a tylko dla nowych u\u017cytkownik\u00f3w. Aby go otrzyma\u0107, nale\u017cy przej\u015b\u0107 do sekcji promocji na stronie i klikn\u0105\u0107 \u201eAktywuj\u201d obok niej. Nast\u0119pnie b\u0119dziesz mie\u0107 24 godziny na dokonanie wp\u0142aty ponad 15 C$ w ramach jednej p\u0142atno\u015bci. Ostateczna kwota bonusu b\u0119dzie r\u00f3wna 150% depozytu. <strong>Pami\u0119taj, \u017ce mo\u017cesz go aktywowa\u0107 tylko w ci\u0105gu 5 dni od rejestracji, wi\u0119c nie tra\u0107 czasu!<\/strong><\/p>\n\n\n\n<ul><li><strong>Darmowe spiny<\/strong><\/li><\/ul>\n\n\n\n<p>Ten niesamowity bonus da ci mo\u017cliwo\u015b\u0107 grania wi\u0119cej bez konieczno\u015bci dokonywania dodatkowych p\u0142atno\u015bci. Aby go uzyska\u0107, u\u017cytkownik musi zalogowa\u0107 si\u0119 na konto osobiste i aktywowa\u0107 je na stronie z promocjami. Nast\u0119pnie u\u017cytkownik musi postawi\u0107 zak\u0142ad na dowolne wydarzenie sportowe o warto\u015bci powy\u017cej 7,50 C$. Pozwoli mu to otrzyma\u0107 20 darmowych spin\u00f3w. Dobr\u0105 wiadomo\u015bci\u0105 jest to, \u017ce tak naprawd\u0119 nie ma znaczenia, czy postawi\u0142e\u015b zak\u0142ad wygra, czy przegra \u2013 bonus i tak nale\u017cy do Ciebie.<\/p>\n\n\n\n<ul><li><strong>Dalsze bonusy depozytowe<\/strong><\/li><\/ul>\n\n\n\n<p>Istniej\u0105 jeszcze trzy bonusy przyznawane u\u017cytkownikom po dokonaniu wp\u0142aty. Gracze otrzymaj\u0105 bonus 100% za drugi depozyt, 50% bonus za trzeci depozyt i 100% za czwarty depozyt. To naprawd\u0119 \u015bwietna oferta, poniewa\u017c wi\u0119kszo\u015b\u0107 platform hazardowych zwykle zatrzymuje si\u0119 po pierwszym bonusie od depozytu, a tw\u00f3rcy Mr Bet postanowili tego nie robi\u0107, daj\u0105c wi\u0119cej niesamowitych mo\u017cliwo\u015bci.<\/p>\n\n\n\n<ul><li><strong>Dodatkowa nagroda<\/strong><\/li><\/ul>\n\n\n\n<p>Jest to dodatkowa oferta, kt\u00f3ra jest dawana za czwart\u0105 lokat\u0119. Nagroda, kt\u00f3r\u0105 otrzymuje u\u017cytkownik to 30 darmowych spin\u00f3w. Upewnij si\u0119, \u017ce je odbierzesz i u\u017cyj, aby zacz\u0105\u0107 wygrywa\u0107 wi\u0119cej!<\/p>\n\n\n\n<p>Mo\u017cesz zarz\u0105dza\u0107 bonusami i obserwowa\u0107 swoj\u0105 osobist\u0105 histori\u0119 bonus\u00f3w w sekcji promocji. Witryna b\u0119dzie \u015bledzi\u0107 wszystkie bonusy, kt\u00f3re uda Ci si\u0119 otrzyma\u0107 i wykorzysta\u0107, wi\u0119c poruszanie si\u0119 po nich jest naprawd\u0119 \u0142atwe.<\/p>\n\n\n\n<h3 class=\"wp-block-heading\">Specjalny bonus<\/h3>\n\n\n\n<p>Przygotowali\u015bmy r\u00f3wnie\u017c dla Ciebie specjalny bonus, kt\u00f3ry jest dost\u0119pny tylko na naszej stronie. Za pomoc\u0105 poni\u017cszego linku b\u0119dziesz m\u00f3g\u0142 zwi\u0119kszy\u0107 sw\u00f3j bonus rejestracyjny i uzyska\u0107 <strong>3750 CAD + 500 darmowych spin\u00f3w<\/strong>. Wi\u0119c nie przegap tej niesamowitej szansy i kliknij ju\u017c teraz!<\/p>\n\n\n<div class=\"wp-block-image is-style-default\">\n<figure class=\"aligncenter size-full\"><a href=\"https:\/\/seobionic.info\/click.php?key=vsy2bdyliw805c0ex0pg&amp;split=promo\" target=\"_blank\" rel=\"noreferrer noopener nofollow\"><img decoding=\"async\" loading=\"lazy\" width=\"219\" height=\"68\" src=\"https:\/\/mcasinobet.com\/wp-content\/uploads\/2022\/05\/Mr-Bet-Bonus.png\" alt=\"Bonus dla pana zak\u0142adu\" class=\"wp-image-121\" srcset=\"https:\/\/mcasinobet.com\/wp-content\/uploads\/2022\/05\/Mr-Bet-Bonus.png 219w, https:\/\/mcasinobet.com\/wp-content\/uploads\/2022\/05\/Mr-Bet-Bonus-18x6.png 18w\" sizes=\"(max-width: 219px) 100vw, 219px\" \/><\/a><\/figure><\/div>\n\n\n<h2 class=\"wp-block-heading\">Kody promocyjne<\/h2>\n\n\n\n<p>Opr\u00f3cz ofert dost\u0119pnych dla u\u017cytkownik\u00f3w platformy przez ca\u0142y czas, s\u0105 tu r\u00f3wnie\u017c kody promocyjne, kt\u00f3re przynios\u0105 przyjemno\u015b\u0107 i kilka przydatnych nagr\u00f3d. Mo\u017cesz otrzymywa\u0107 kody promocyjne na r\u00f3\u017cne dzia\u0142ania na stronie internetowej lub za po\u015brednictwem partner\u00f3w kasyna. <\/p>\n\n\n\n<p>Mo\u017cesz wpisa\u0107 kod w polu na stronie promocji, aby aktywowa\u0107.<\/p>\n\n\n<div class=\"wp-block-image\">\n<figure class=\"aligncenter size-full\"><img decoding=\"async\" loading=\"lazy\" width=\"915\" height=\"152\" src=\"https:\/\/mcasinobet.com\/wp-content\/uploads\/2022\/05\/Mr-Bet-Code.png\" alt=\"\" class=\"wp-image-110\" srcset=\"https:\/\/mcasinobet.com\/wp-content\/uploads\/2022\/05\/Mr-Bet-Code.png 915w, https:\/\/mcasinobet.com\/wp-content\/uploads\/2022\/05\/Mr-Bet-Code-300x50.png 300w, https:\/\/mcasinobet.com\/wp-content\/uploads\/2022\/05\/Mr-Bet-Code-768x128.png 768w, https:\/\/mcasinobet.com\/wp-content\/uploads\/2022\/05\/Mr-Bet-Code-18x3.png 18w\" sizes=\"(max-width: 915px) 100vw, 915px\" \/><\/figure><\/div>\n\n\n<h2 class=\"wp-block-heading\">Osi\u0105gni\u0119cia<\/h2>\n\n\n\n<p>Innym sposobem na otrzymanie niekt\u00f3rych bonus\u00f3w i ekskluzywnych prezent\u00f3w jest udzia\u0142 w zaj\u0119ciach na stronie. Zesp\u00f3\u0142 stworzy\u0142 sekcj\u0119 z r\u00f3\u017cnymi ciekawymi zadaniami i questami, w kt\u00f3rych u\u017cytkownicy mog\u0105 bra\u0107 udzia\u0142. Po uko\u0144czeniu misji otrzymasz kilka unikalnych nagr\u00f3d. <\/p>\n\n\n\n<p>Id\u017a i sprawd\u017a to, aby jak najszybciej otrzyma\u0107 nagrod\u0119. Decyzja, z kt\u00f3rej z mo\u017cliwo\u015bci chcesz skorzysta\u0107, zale\u017cy wy\u0142\u0105cznie od Ciebie. Mo\u017ce to by\u0107 tylko jeden lub wszystkie na raz \u2013 nie ma granic.<\/p>\n\n\n<div class=\"wp-block-image\">\n<figure class=\"aligncenter size-full\"><img decoding=\"async\" loading=\"lazy\" width=\"948\" height=\"137\" src=\"https:\/\/mcasinobet.com\/wp-content\/uploads\/2022\/05\/Mr-Bet-Achievements.png\" alt=\"\" class=\"wp-image-111\" srcset=\"https:\/\/mcasinobet.com\/wp-content\/uploads\/2022\/05\/Mr-Bet-Achievements.png 948w, https:\/\/mcasinobet.com\/wp-content\/uploads\/2022\/05\/Mr-Bet-Achievements-300x43.png 300w, https:\/\/mcasinobet.com\/wp-content\/uploads\/2022\/05\/Mr-Bet-Achievements-768x111.png 768w, https:\/\/mcasinobet.com\/wp-content\/uploads\/2022\/05\/Mr-Bet-Achievements-18x3.png 18w\" sizes=\"(max-width: 948px) 100vw, 948px\" \/><\/figure><\/div>","protected":false},"excerpt":{"rendered":"Mr Bet Casino s\u0142ynie z dobrej obs\u0142ugi, jak\u0105 zapewnia firma i wielu niesamowitych mo\u017cliwo\u015bci. Gracze mog\u0105 cieszy\u0107 si\u0119 tak popularnymi rodzajami gier, jak ruletki, automaty, loterie, gry karciane i sto\u0142owe oraz blackjack. Istnieje wiele r\u00f3\u017cnych mo\u017cliwo\u015bci, kt\u00f3re u\u017cytkownik otrzymuje wraz z zabaw\u0105 i rado\u015bci\u0105. Wiemy jednak, \u017ce [\u2026]","protected":false},"author":1,"featured_media":0,"parent":0,"menu_order":0,"comment_status":"closed","ping_status":"closed","template":"","meta":{"footnotes":""},"_links":{"self":[{"href":"https:\/\/mcasinobet.com\/pl\/wp-json\/wp\/v2\/pages\/107"}],"collection":[{"href":"https:\/\/mcasinobet.com\/pl\/wp-json\/wp\/v2\/pages"}],"about":[{"href":"https:\/\/mcasinobet.com\/pl\/wp-json\/wp\/v2\/types\/page"}],"author":[{"embeddable":true,"href":"https:\/\/mcasinobet.com\/pl\/wp-json\/wp\/v2\/users\/1"}],"replies":[{"embeddable":true,"href":"https:\/\/mcasinobet.com\/pl\/wp-json\/wp\/v2\/comments?post=107"}],"version-history":[{"count":3,"href":"https:\/\/mcasinobet.com\/pl\/wp-json\/wp\/v2\/pages\/107\/revisions"}],"predecessor-version":[{"id":123,"href":"https:\/\/mcasinobet.com\/pl\/wp-json\/wp\/v2\/pages\/107\/revisions\/123"}],"wp:attachment":[{"href":"https:\/\/mcasinobet.com\/pl\/wp-json\/wp\/v2\/media?parent=107"}],"curies":[{"name":"wp","href":"https:\/\/api.w.org\/{rel}","templated":true}]}}