{"id":95,"date":"2022-05-26T23:23:58","date_gmt":"2022-05-26T20:23:58","guid":{"rendered":"https:\/\/mcasinobet.com\/?page_id=95"},"modified":"2022-05-27T14:13:05","modified_gmt":"2022-05-27T11:13:05","slug":"mr-bet-casino-app","status":"publish","type":"page","link":"https:\/\/mcasinobet.com\/pl\/aplikacja-kasyno-mr-bet\/","title":{"rendered":"Aplikacja Mr Bet Casino | Pobierz teraz"},"content":{"rendered":"<p>Ka\u017cdy zna to uczucie, gdy nie mo\u017cesz si\u0119 doczeka\u0107, aby dosta\u0107 si\u0119 do domu, aby m\u00f3c zagra\u0107 w niekt\u00f3re gry na komputerze. Czasami jednak wydaje si\u0119 to zbyt trudne, a nawet nieosi\u0105galne dla niekt\u00f3rych z nas. Praca, rodzina, imprezy towarzyskie \u2013 wsp\u00f3\u0142cze\u015bni ludzie wydaj\u0105 si\u0119 by\u0107 ci\u0105gle w drodze i maj\u0105 mniej czasu na relaks i cieszenie si\u0119 rzeczami, kt\u00f3re daj\u0105 im szcz\u0119\u015bcie. Na szcz\u0119\u015bcie, <a href=\"https:\/\/mcasinobet.com\/pl\/\" data-type=\"page\">Kasyno Mr Bet <\/a>oferuje \u015bwietne rozwi\u0105zanie problemu, dostarczaj\u0105c niesamowit\u0105 aplikacj\u0119 stworzon\u0105 specjalnie, aby u\u0142atwi\u0107 entuzjastom hazardu kontynuowanie dzia\u0142alno\u015bci.<\/p>\n\n\n<div class=\"wp-block-image\">\n<figure class=\"aligncenter size-large is-resized\"><img decoding=\"async\" loading=\"lazy\" src=\"https:\/\/mcasinobet.com\/wp-content\/uploads\/2022\/05\/Mr-Bet-App-Main-601x1024.png\" alt=\"\" class=\"wp-image-98\" width=\"274\" height=\"467\" srcset=\"https:\/\/mcasinobet.com\/wp-content\/uploads\/2022\/05\/Mr-Bet-App-Main-601x1024.png 601w, https:\/\/mcasinobet.com\/wp-content\/uploads\/2022\/05\/Mr-Bet-App-Main-176x300.png 176w, https:\/\/mcasinobet.com\/wp-content\/uploads\/2022\/05\/Mr-Bet-App-Main-768x1309.png 768w, https:\/\/mcasinobet.com\/wp-content\/uploads\/2022\/05\/Mr-Bet-App-Main-7x12.png 7w, https:\/\/mcasinobet.com\/wp-content\/uploads\/2022\/05\/Mr-Bet-App-Main.png 828w\" sizes=\"(max-width: 274px) 100vw, 274px\" \/><\/figure><\/div>\n\n\n<h2 class=\"wp-block-heading\">Czym dok\u0142adnie jest aplikacja Mr Bet Casino?<\/h2>\n\n\n\n<p>Mr Bet to ogromna platforma internetowa do obstawiania zak\u0142ad\u00f3w sportowych i grania w gry kasynowe. Zyska\u0142 popularno\u015b\u0107 na ca\u0142ym \u015bwiecie. Tw\u00f3rcy strony musieli nawet stworzy\u0107 kilka wersji j\u0119zykowych platformy, aby by\u0142a bardziej inkluzywna i pokaza\u0107, \u017ce dba o u\u017cytkownik\u00f3w. Dzi\u0119ki temu oficjalna strona internetowa jest ju\u017c dost\u0119pna w 19 r\u00f3\u017cnych j\u0119zykach, a prawdopodobnie w przysz\u0142o\u015bci b\u0119dzie ich wi\u0119cej. W Kanadzie strona dzia\u0142a w j\u0119zyku francuskim, ale zawsze mo\u017cesz przej\u015b\u0107 na wersj\u0119 angielsk\u0105, je\u015bli wydaje si\u0119, \u017ce bardziej odpowiada Twoim \u017cyczeniom.<\/p>\n\n\n<div class=\"wp-block-image\">\n<figure class=\"aligncenter size-full\"><img decoding=\"async\" loading=\"lazy\" width=\"152\" height=\"206\" src=\"https:\/\/mcasinobet.com\/wp-content\/uploads\/2022\/05\/\u0421\u043d\u0438\u043c\u043e\u043a-\u044d\u043a\u0440\u0430\u043d\u0430-2022-05-26-\u0432-18.35.45.png\" alt=\"\" class=\"wp-image-96\" srcset=\"https:\/\/mcasinobet.com\/wp-content\/uploads\/2022\/05\/\u0421\u043d\u0438\u043c\u043e\u043a-\u044d\u043a\u0440\u0430\u043d\u0430-2022-05-26-\u0432-18.35.45.png 152w, https:\/\/mcasinobet.com\/wp-content\/uploads\/2022\/05\/\u0421\u043d\u0438\u043c\u043e\u043a-\u044d\u043a\u0440\u0430\u043d\u0430-2022-05-26-\u0432-18.35.45-9x12.png 9w\" sizes=\"(max-width: 152px) 100vw, 152px\" \/><figcaption>Menu j\u0119zykowe<\/figcaption><\/figure><\/div>\n\n\n<p>Jednak bogactwo j\u0119zyk\u00f3w to nie jedyna rzecz, kt\u00f3ra sprawia, \u017ce platforma jest bardziej dost\u0119pna dla u\u017cytkownik\u00f3w z ca\u0142ego \u015bwiata. Tw\u00f3rcy postanowili stworzy\u0107 niesamowit\u0105 aplikacj\u0119 kasynow\u0105, kt\u00f3ra odpowiada\u0142aby na wszystkie potrzeby klient\u00f3w platformy. Plan zak\u0142ada\u0142 stworzenie aplikacji, kt\u00f3ra by\u0142aby \u0142atwa w nawigacji, mia\u0142aby atrakcyjny wygl\u0105d, oferowa\u0142aby wiele popularnych w\u015br\u00f3d u\u017cytkownik\u00f3w Mr Bet gier i mia\u0142aby funkcjonalno\u015b\u0107 pe\u0142nej wersji strony internetowej. Prawdopodobnie w proces tworzenia strony by\u0142o du\u017co ci\u0119\u017ckiej pracy i burzy m\u00f3zg\u00f3w, poniewa\u017c teraz wygl\u0105da na to, \u017ce \u017c\u0105dany wynik zosta\u0142 pomy\u015blnie osi\u0105gni\u0119ty. Aplikacja ma wiele wspania\u0142ych zalet, o kt\u00f3rych chcieliby\u015bmy porozmawia\u0107.<\/p>\n\n\n\n<h3 class=\"wp-block-heading\">Korzy\u015bci z aplikacji<\/h3>\n\n\n\n<p>Aplikacja Mr Bet Casino oferuje wiele wspania\u0142ych funkcji. Uwa\u017camy jednak, \u017ce wa\u017cne jest, aby zacz\u0105\u0107 od kilku podstawowych rzeczy, aby dowiedzie\u0107 si\u0119 wi\u0119cej o aplikacji bez konieczno\u015bci zajmowania si\u0119 mn\u00f3stwem bezu\u017cytecznych informacji.<\/p>\n\n\n\n<ul><li><strong>Setki gier i mecz\u00f3w sportowych<\/strong><\/li><\/ul>\n\n\n\n<p>Pobieraj\u0105c aplikacj\u0119, prawdopodobnie by\u0142by\u015b rozczarowany, gdyby okaza\u0142a si\u0119 ca\u0142kowicie bezu\u017cyteczna. Na szcz\u0119\u015bcie tak nie jest w przypadku aplikacji Mr Bet Casino. Tutaj otrzymasz mn\u00f3stwo r\u00f3\u017cnego rodzaju rozrywki \u2013 ulubione turnieje sportowe, ukochane automaty i gry karciane. Wszystko jest jak w pe\u0142nej wersji strony internetowej, ale troch\u0119 zoptymalizowane, aby zmie\u015bci\u0107 si\u0119 w twoim inteligentnym urz\u0105dzeniu.<\/p>\n\n\n\n<ul><li><strong>Zgodno\u015b\u0107<\/strong><\/li><\/ul>\n\n\n\n<p>Aplikacja jest dost\u0119pna na wi\u0119kszo\u015b\u0107 urz\u0105dze\u0144 z systemem Android i iOS. Oznacza to, \u017ce b\u0119dziesz m\u00f3g\u0142 gra\u0107 nie tylko na telefonie kom\u00f3rkowym, ale tak\u017ce na iPadzie lub tablecie z Androidem. Je\u015bli \u017cadna z opcji nie wydaje Ci si\u0119 satysfakcjonuj\u0105ca, nie martw si\u0119 \u2013 zawsze mo\u017cesz korzysta\u0107 z mobilnej wersji strony na dowolnym gad\u017cecie, bez wzgl\u0119du na system operacyjny. Po prostu przejd\u017a do wygodnej przegl\u0105darki na swoim urz\u0105dzeniu, odwied\u017a oficjaln\u0105 stron\u0119 Mr Bet Casino i ciesz si\u0119 gr\u0105.<\/p>\n\n\n\n<ul><li><strong>System wspomagaj\u0105cy<\/strong><\/li><\/ul>\n\n\n\n<p>Obs\u0142uga klienta jest niezb\u0119dna dla ka\u017cdej dobrej platformy hazardowej, a tw\u00f3rcy aplikacji Mr Bet Casino zadbali o to, aby zapewni\u0107 t\u0119 us\u0142ug\u0119 r\u00f3wnie\u017c u\u017cytkownikom mobilnym. Mo\u017cesz r\u00f3wnie\u017c skorzysta\u0107 z opcji czatu na \u017cywo w aplikacji, jest ona dost\u0119pna 24\/7. <\/p>\n\n\n<div class=\"wp-block-image\">\n<figure class=\"aligncenter size-full is-resized\"><img decoding=\"async\" loading=\"lazy\" src=\"https:\/\/mcasinobet.com\/wp-content\/uploads\/2022\/05\/Mr-Bet-App-Contact.png\" alt=\"\" class=\"wp-image-101\" width=\"437\" height=\"182\" srcset=\"https:\/\/mcasinobet.com\/wp-content\/uploads\/2022\/05\/Mr-Bet-App-Contact.png 828w, https:\/\/mcasinobet.com\/wp-content\/uploads\/2022\/05\/Mr-Bet-App-Contact-300x125.png 300w, https:\/\/mcasinobet.com\/wp-content\/uploads\/2022\/05\/Mr-Bet-App-Contact-768x320.png 768w, https:\/\/mcasinobet.com\/wp-content\/uploads\/2022\/05\/Mr-Bet-App-Contact-18x8.png 18w\" sizes=\"(max-width: 437px) 100vw, 437px\" \/><\/figure><\/div>\n\n\n<ul><li><strong>Wyp\u0142aty i wp\u0142aty<\/strong><\/li><\/ul>\n\n\n\n<p>Przypuszczamy, \u017ce nieuczciwe by\u0142oby danie klientom mo\u017cliwo\u015bci gry i zawierania zak\u0142ad\u00f3w, nie mog\u0105c jednocze\u015bnie przeprowadza\u0107 wa\u017cnych operacji pieni\u0119\u017cnych. Na szcz\u0119\u015bcie Mr Bet przemy\u015bla\u0142 to wszystko i oferuje klientom uzupe\u0142nienie konta i wyp\u0142at\u0119 wygranych bezpo\u015brednio w aplikacji bez \u017cadnych trudno\u015bci ani dodatkowych dzia\u0142a\u0144. <\/p>\n\n\n\n<h2 class=\"wp-block-heading\">Pobieranie i instalowanie aplikacji<\/h2>\n\n\n\n<p>Czynno\u015bci potrzebne do zainstalowania aplikacji mog\u0105 si\u0119 r\u00f3\u017cni\u0107 w zale\u017cno\u015bci od oprogramowania urz\u0105dzenia, wi\u0119c wybierz odpowiedni\u0105 dla siebie instrukcj\u0119.<\/p>\n\n\n\n<h3 class=\"wp-block-heading\">Dla u\u017cytkownik\u00f3w Androida<\/h3>\n\n\n\n<ol><li>Wejd\u017a na oficjaln\u0105 stron\u0119 Mr Bet i znajd\u017a ikon\u0119 Androida na dole ekranu;<\/li><li>Kliknij go, a nast\u0119pnie kliknij \u201ePobierz\u201d;<\/li><li>Potwierd\u017a akcj\u0119 na swoim urz\u0105dzeniu;<\/li><li>Otw\u00f3rz aplikacj\u0119 i kliknij przycisk instalacji;<\/li><li>Poczekaj na zako\u0144czenie instalacji i ciesz si\u0119 grami!<\/li><\/ol>\n\n\n<div class=\"wp-block-image\">\n<figure class=\"aligncenter size-full is-resized\"><img decoding=\"async\" loading=\"lazy\" src=\"https:\/\/mcasinobet.com\/wp-content\/uploads\/2022\/05\/Mr-Bet-Android.png\" alt=\"\" class=\"wp-image-99\" width=\"553\" height=\"304\" srcset=\"https:\/\/mcasinobet.com\/wp-content\/uploads\/2022\/05\/Mr-Bet-Android.png 792w, https:\/\/mcasinobet.com\/wp-content\/uploads\/2022\/05\/Mr-Bet-Android-300x165.png 300w, https:\/\/mcasinobet.com\/wp-content\/uploads\/2022\/05\/Mr-Bet-Android-768x422.png 768w, https:\/\/mcasinobet.com\/wp-content\/uploads\/2022\/05\/Mr-Bet-Android-18x10.png 18w\" sizes=\"(max-width: 553px) 100vw, 553px\" \/><\/figure><\/div>\n\n\n<h3 class=\"wp-block-heading\">Dla u\u017cytkownik\u00f3w iOS<\/h3>\n\n\n\n<ol><li>Otw\u00f3rz AppStore;<\/li><li>Wpisz \u201eMr Bet\u201d lub \u201eWild Adventure Twist\u201d i wyszukaj go;<\/li><li>Kliknij przycisk pobierania;<\/li><li>Graj i wygrywaj!<\/li><\/ol>\n\n\n<div class=\"wp-block-image\">\n<figure class=\"aligncenter size-full is-resized\"><img decoding=\"async\" loading=\"lazy\" src=\"https:\/\/mcasinobet.com\/wp-content\/uploads\/2022\/05\/Mr-Bet-Ios.png\" alt=\"\" class=\"wp-image-100\" width=\"547\" height=\"292\" srcset=\"https:\/\/mcasinobet.com\/wp-content\/uploads\/2022\/05\/Mr-Bet-Ios.png 943w, https:\/\/mcasinobet.com\/wp-content\/uploads\/2022\/05\/Mr-Bet-Ios-300x161.png 300w, https:\/\/mcasinobet.com\/wp-content\/uploads\/2022\/05\/Mr-Bet-Ios-768x411.png 768w, https:\/\/mcasinobet.com\/wp-content\/uploads\/2022\/05\/Mr-Bet-Ios-18x10.png 18w\" sizes=\"(max-width: 547px) 100vw, 547px\" \/><\/figure><\/div>\n\n\n<p>Oba sposoby s\u0105 do\u015b\u0107 proste i nie trwaj\u0105 d\u0142ugo, zanim instalacja zostanie zako\u0144czona. Po tym b\u0119dziesz m\u00f3g\u0142 w pe\u0142ni cieszy\u0107 si\u0119 niesamowitym do\u015bwiadczeniem i wyrobi\u0107 sobie w\u0142asn\u0105 opini\u0119 na temat aplikacji. A oto ma\u0142y spoiler: <em>w aplikacji jest o wiele wi\u0119cej zalet ni\u017c tylko te, o kt\u00f3rych wspomnieli\u015bmy wcze\u015bniej.<\/em> A teraz, kiedy w ko\u0144cu o tym wiesz \u2013 id\u017a i zdob\u0105d\u017a swoje wygrane dzi\u0119ki niesamowitej aplikacji Mr Bet Casino!<\/p>","protected":false},"excerpt":{"rendered":"Ka\u017cdy zna to uczucie, gdy nie mo\u017cesz si\u0119 doczeka\u0107, aby dosta\u0107 si\u0119 do domu, aby m\u00f3c zagra\u0107 w niekt\u00f3re gry na komputerze. Czasami jednak wydaje si\u0119 to zbyt trudne, a nawet nieosi\u0105galne dla niekt\u00f3rych z nas. Praca, rodzina, imprezy towarzyskie \u2013 wsp\u00f3\u0142cze\u015bni ludzie wydaj\u0105 si\u0119 by\u0107 ci\u0105gle w drodze i maj\u0105 mniej czasu [\u2026]","protected":false},"author":1,"featured_media":0,"parent":0,"menu_order":0,"comment_status":"closed","ping_status":"closed","template":"","meta":{"footnotes":""},"_links":{"self":[{"href":"https:\/\/mcasinobet.com\/pl\/wp-json\/wp\/v2\/pages\/95"}],"collection":[{"href":"https:\/\/mcasinobet.com\/pl\/wp-json\/wp\/v2\/pages"}],"about":[{"href":"https:\/\/mcasinobet.com\/pl\/wp-json\/wp\/v2\/types\/page"}],"author":[{"embeddable":true,"href":"https:\/\/mcasinobet.com\/pl\/wp-json\/wp\/v2\/users\/1"}],"replies":[{"embeddable":true,"href":"https:\/\/mcasinobet.com\/pl\/wp-json\/wp\/v2\/comments?post=95"}],"version-history":[{"count":4,"href":"https:\/\/mcasinobet.com\/pl\/wp-json\/wp\/v2\/pages\/95\/revisions"}],"predecessor-version":[{"id":117,"href":"https:\/\/mcasinobet.com\/pl\/wp-json\/wp\/v2\/pages\/95\/revisions\/117"}],"wp:attachment":[{"href":"https:\/\/mcasinobet.com\/pl\/wp-json\/wp\/v2\/media?parent=95"}],"curies":[{"name":"wp","href":"https:\/\/api.w.org\/{rel}","templated":true}]}}