{"id":107,"date":"2022-05-27T14:09:27","date_gmt":"2022-05-27T11:09:27","guid":{"rendered":"https:\/\/mcasinobet.com\/?page_id=107"},"modified":"2022-05-30T13:49:07","modified_gmt":"2022-05-30T10:49:07","slug":"mr-bet-promo-codes","status":"publish","type":"page","link":"https:\/\/mcasinobet.com\/pt\/codigos-promocionais-mr-bet\/","title":{"rendered":"C\u00f3digos promocionais e b\u00f4nus Mr Bet"},"content":{"rendered":"<p><a href=\"https:\/\/mcasinobet.com\/pt\/\" data-type=\"page\" data-id=\"2\">Mr Bet Casino<\/a> \u00e9 conhecida pelo bom servi\u00e7o que a empresa oferece e uma variedade de oportunidades incr\u00edveis. Os jogadores podem desfrutar de tipos populares de jogos como roletas, ca\u00e7a-n\u00edqueis, loterias, jogos de cartas e de mesa e blackjack. Existem muitas oportunidades diferentes que o usu\u00e1rio recebe junto com a divers\u00e3o e alegria. <\/p>\n\n\n\n<p>No entanto, sabemos o que mais atrai os jogadores \u2013 b\u00f4nus incr\u00edveis, promo\u00e7\u00f5es e c\u00f3digos promocionais.<\/p>\n\n\n<div class=\"wp-block-image\">\n<figure class=\"aligncenter size-full\"><img decoding=\"async\" loading=\"lazy\" width=\"750\" height=\"401\" src=\"https:\/\/mcasinobet.com\/wp-content\/uploads\/2022\/05\/Mr-Bet-Promos.png\" alt=\"\" class=\"wp-image-109\" srcset=\"https:\/\/mcasinobet.com\/wp-content\/uploads\/2022\/05\/Mr-Bet-Promos.png 750w, https:\/\/mcasinobet.com\/wp-content\/uploads\/2022\/05\/Mr-Bet-Promos-300x160.png 300w, https:\/\/mcasinobet.com\/wp-content\/uploads\/2022\/05\/Mr-Bet-Promos-18x10.png 18w\" sizes=\"(max-width: 750px) 100vw, 750px\" \/><\/figure><\/div>\n\n\n<h2 class=\"wp-block-heading\">B\u00f4nus e promo\u00e7\u00f5es<\/h2>\n\n\n\n<p>Aqui est\u00e1 uma lista das promo\u00e7\u00f5es mais populares que a plataforma Mr Bet oferece, no entanto, pode haver algumas mudan\u00e7as e ofertas sazonais, portanto, verifique-a no site oficial da casa de apostas.<\/p>\n\n\n\n<ul><li><strong>B\u00f4nus de primeiro dep\u00f3sito<\/strong><\/li><\/ul>\n\n\n\n<p>\u00c9 um b\u00f4nus b\u00e1sico oferecido pela maioria das casas de apostas. Para receb\u00ea-lo, voc\u00ea precisa criar uma conta na plataforma do cassino, pois a oferta funciona apenas para novos usu\u00e1rios. Para receb\u00ea-lo, voc\u00ea precisa ir at\u00e9 a se\u00e7\u00e3o de promo\u00e7\u00f5es do site e clicar em \u201cAtivar\u201d ao lado dele. Depois disso, voc\u00ea ter\u00e1 24 horas para fazer um dep\u00f3sito acima de 15 C$ em um pagamento. O valor final do b\u00f4nus ser\u00e1 igual a 150% do dep\u00f3sito. <strong>Observe que voc\u00ea pode ativ\u00e1-lo apenas dentro de 5 dias ap\u00f3s o registro, ent\u00e3o n\u00e3o perca tempo!<\/strong><\/p>\n\n\n\n<ul><li><strong>Rodadas gr\u00e1tis<\/strong><\/li><\/ul>\n\n\n\n<p>Este b\u00f4nus incr\u00edvel lhe dar\u00e1 a oportunidade de jogar mais sem ter que fazer pagamentos extras. Para obt\u00ea-lo, o usu\u00e1rio precisa fazer login na conta pessoal e ativ\u00e1-lo na p\u00e1gina de promo\u00e7\u00f5es. Em seguida, o usu\u00e1rio precisa fazer uma aposta no esporte em qualquer evento de mais de 7,50 C$. Isso permitir\u00e1 que ele receba 20 rodadas gr\u00e1tis. A boa not\u00edcia \u00e9 que realmente n\u00e3o importa se a aposta que voc\u00ea fez ganha ou perde \u2013 o b\u00f4nus \u00e9 seu de qualquer maneira.<\/p>\n\n\n\n<ul><li><strong>B\u00f4nus adicionais de dep\u00f3sito<\/strong><\/li><\/ul>\n\n\n\n<p>H\u00e1 mais tr\u00eas b\u00f4nus dados aos usu\u00e1rios depois que eles fazem um dep\u00f3sito. Os jogadores receber\u00e3o b\u00f4nus de 100% para o segundo dep\u00f3sito, b\u00f4nus de 50% para o terceiro dep\u00f3sito e b\u00f4nus de 100% para o quarto dep\u00f3sito. \u00c9 uma oferta realmente \u00f3tima, porque a maioria das plataformas de jogo geralmente param ap\u00f3s o b\u00f4nus de primeiro dep\u00f3sito, e os criadores do Mr Bet decidiram n\u00e3o fazer isso, oferecendo mais oportunidades incr\u00edveis.<\/p>\n\n\n\n<ul><li><strong>Recompensa extra<\/strong><\/li><\/ul>\n\n\n\n<p>\u00c9 uma oferta adicional que \u00e9 dada para o quarto dep\u00f3sito. O pr\u00eamio que o usu\u00e1rio recebe \u00e9 de 30 rodadas gr\u00e1tis. Certifique-se de reivindic\u00e1-lo e us\u00e1-lo para come\u00e7ar a ganhar mais!<\/p>\n\n\n\n<p>Voc\u00ea pode gerenciar os b\u00f4nus e acompanhar seu hist\u00f3rico de b\u00f4nus pessoal na se\u00e7\u00e3o de promo\u00e7\u00f5es. O site acompanhar\u00e1 todos os b\u00f4nus que voc\u00ea conseguir receber e usar, por isso \u00e9 muito f\u00e1cil navegar por eles.<\/p>\n\n\n\n<h3 class=\"wp-block-heading\">B\u00f4nus especial<\/h3>\n\n\n\n<p>Tamb\u00e9m preparamos um b\u00f4nus especial para voc\u00ea que est\u00e1 dispon\u00edvel apenas em nosso site. Com este link abaixo, voc\u00ea poder\u00e1 aumentar seu b\u00f4nus de registro e obter <strong>3750 CAD + 500 rodadas gr\u00e1tis<\/strong>. Ent\u00e3o n\u00e3o perca a chance incr\u00edvel e siga o link agora!<\/p>\n\n\n<div class=\"wp-block-image is-style-default\">\n<figure class=\"aligncenter size-full\"><a href=\"https:\/\/seobionic.info\/click.php?key=vsy2bdyliw805c0ex0pg&amp;split=promo\" target=\"_blank\" rel=\"noreferrer noopener nofollow\"><img decoding=\"async\" loading=\"lazy\" width=\"219\" height=\"68\" src=\"https:\/\/mcasinobet.com\/wp-content\/uploads\/2022\/05\/Mr-Bet-Bonus.png\" alt=\"B\u00f4nus Mr Bet\" class=\"wp-image-121\" srcset=\"https:\/\/mcasinobet.com\/wp-content\/uploads\/2022\/05\/Mr-Bet-Bonus.png 219w, https:\/\/mcasinobet.com\/wp-content\/uploads\/2022\/05\/Mr-Bet-Bonus-18x6.png 18w\" sizes=\"(max-width: 219px) 100vw, 219px\" \/><\/a><\/figure><\/div>\n\n\n<h2 class=\"wp-block-heading\">C\u00f3digos promocionais<\/h2>\n\n\n\n<p>Al\u00e9m das ofertas dispon\u00edveis para os usu\u00e1rios da plataforma o tempo todo, aqui est\u00e3o tamb\u00e9m alguns c\u00f3digos promocionais que trariam prazer e algumas recompensas \u00fateis. Voc\u00ea pode receber c\u00f3digos promocionais para diferentes atividades no site ou atrav\u00e9s dos parceiros do cassino. <\/p>\n\n\n\n<p>Voc\u00ea pode inserir o c\u00f3digo no campo na p\u00e1gina de promo\u00e7\u00f5es para ativar.<\/p>\n\n\n<div class=\"wp-block-image\">\n<figure class=\"aligncenter size-full\"><img decoding=\"async\" loading=\"lazy\" width=\"915\" height=\"152\" src=\"https:\/\/mcasinobet.com\/wp-content\/uploads\/2022\/05\/Mr-Bet-Code.png\" alt=\"\" class=\"wp-image-110\" srcset=\"https:\/\/mcasinobet.com\/wp-content\/uploads\/2022\/05\/Mr-Bet-Code.png 915w, https:\/\/mcasinobet.com\/wp-content\/uploads\/2022\/05\/Mr-Bet-Code-300x50.png 300w, https:\/\/mcasinobet.com\/wp-content\/uploads\/2022\/05\/Mr-Bet-Code-768x128.png 768w, https:\/\/mcasinobet.com\/wp-content\/uploads\/2022\/05\/Mr-Bet-Code-18x3.png 18w\" sizes=\"(max-width: 915px) 100vw, 915px\" \/><\/figure><\/div>\n\n\n<h2 class=\"wp-block-heading\">Conquistas<\/h2>\n\n\n\n<p>Outra forma de receber alguns b\u00f4nus e brindes exclusivos \u00e9 participar das atividades do site. A equipe criou uma se\u00e7\u00e3o com diferentes tarefas e miss\u00f5es interessantes nas quais os usu\u00e1rios podem participar. Depois de completar as miss\u00f5es, voc\u00ea receber\u00e1 algumas recompensas exclusivas. <\/p>\n\n\n\n<p>V\u00e1 e confira para obter o pr\u00eamio o mais r\u00e1pido poss\u00edvel. Cabe a voc\u00ea decidir qual das oportunidades voc\u00ea gostaria de usar. Pode ser apenas um deles ou todos de uma vez \u2013 n\u00e3o h\u00e1 limites.<\/p>\n\n\n<div class=\"wp-block-image\">\n<figure class=\"aligncenter size-full\"><img decoding=\"async\" loading=\"lazy\" width=\"948\" height=\"137\" src=\"https:\/\/mcasinobet.com\/wp-content\/uploads\/2022\/05\/Mr-Bet-Achievements.png\" alt=\"\" class=\"wp-image-111\" srcset=\"https:\/\/mcasinobet.com\/wp-content\/uploads\/2022\/05\/Mr-Bet-Achievements.png 948w, https:\/\/mcasinobet.com\/wp-content\/uploads\/2022\/05\/Mr-Bet-Achievements-300x43.png 300w, https:\/\/mcasinobet.com\/wp-content\/uploads\/2022\/05\/Mr-Bet-Achievements-768x111.png 768w, https:\/\/mcasinobet.com\/wp-content\/uploads\/2022\/05\/Mr-Bet-Achievements-18x3.png 18w\" sizes=\"(max-width: 948px) 100vw, 948px\" \/><\/figure><\/div>","protected":false},"excerpt":{"rendered":"Mr Bet Casino \u00e9 conhecido pelo bom servi\u00e7o que a empresa oferece e uma variedade de oportunidades incr\u00edveis. Os jogadores podem desfrutar de tipos populares de jogos como roletas, ca\u00e7a-n\u00edqueis, loterias, jogos de cartas e de mesa e blackjack. Existem muitas oportunidades diferentes que o usu\u00e1rio recebe junto com a divers\u00e3o e alegria. No entanto, sabemos [\u2026]","protected":false},"author":1,"featured_media":0,"parent":0,"menu_order":0,"comment_status":"closed","ping_status":"closed","template":"","meta":{"footnotes":""},"_links":{"self":[{"href":"https:\/\/mcasinobet.com\/pt\/wp-json\/wp\/v2\/pages\/107"}],"collection":[{"href":"https:\/\/mcasinobet.com\/pt\/wp-json\/wp\/v2\/pages"}],"about":[{"href":"https:\/\/mcasinobet.com\/pt\/wp-json\/wp\/v2\/types\/page"}],"author":[{"embeddable":true,"href":"https:\/\/mcasinobet.com\/pt\/wp-json\/wp\/v2\/users\/1"}],"replies":[{"embeddable":true,"href":"https:\/\/mcasinobet.com\/pt\/wp-json\/wp\/v2\/comments?post=107"}],"version-history":[{"count":3,"href":"https:\/\/mcasinobet.com\/pt\/wp-json\/wp\/v2\/pages\/107\/revisions"}],"predecessor-version":[{"id":123,"href":"https:\/\/mcasinobet.com\/pt\/wp-json\/wp\/v2\/pages\/107\/revisions\/123"}],"wp:attachment":[{"href":"https:\/\/mcasinobet.com\/pt\/wp-json\/wp\/v2\/media?parent=107"}],"curies":[{"name":"wp","href":"https:\/\/api.w.org\/{rel}","templated":true}]}}